{"id":1190,"date":"2022-04-13T08:12:30","date_gmt":"2022-04-13T07:12:30","guid":{"rendered":"https:\/\/landing.discoveribizaformentera.com\/?page_id=1190"},"modified":"2022-04-13T16:53:18","modified_gmt":"2022-04-13T15:53:18","slug":"discoverplayas","status":"publish","type":"page","link":"https:\/\/landing.discoveribizaformentera.com\/de\/discoverplayas\/","title":{"rendered":"Pack Discover Playas Formentera"},"content":{"rendered":"<p>[et_pb_section fb_built=\u00bb1&#8243; module_id=\u00bbinicio\u00bb _builder_version=\u00bb4.15.1&#8243; _module_preset=\u00bbdefault\u00bb background_image=\u00bbhttps:\/\/landing.discoveribizaformentera.com\/wp-content\/uploads\/2022\/04\/bus2.jpg\u00bb background_enable_video_mp4=\u00bboff\u00bb min_height=\u00bb50vh\u00bb min_height_tablet=\u00bb50vh\u00bb min_height_phone=\u00bb50vh\u00bb min_height_last_edited=\u00bbon|desktop\u00bb height=\u00bb50vh\u00bb height_tablet=\u00bb50vh\u00bb height_phone=\u00bb100vh\u00bb height_last_edited=\u00bbon|phone\u00bb max_height=\u00bb100vh\u00bb custom_padding=\u00bb4px|||||\u00bb background_last_edited=\u00bbon|phone\u00bb background_image_phone=\u00bbhttps:\/\/landing.discoveribizaformentera.com\/wp-content\/uploads\/2022\/04\/Fondo.jpg\u00bb background_enable_image_phone=\u00bbon\u00bb background_position_phone=\u00bbtop_left\u00bb background_enable_video_mp4_phone=\u00bboff\u00bb locked=\u00bboff\u00bb global_colors_info=\u00bb{}\u00bb][et_pb_row disabled_on=\u00bboff|off|off\u00bb _builder_version=\u00bb4.15.1&#8243; _module_preset=\u00bbdefault\u00bb background_enable_color=\u00bboff\u00bb positioning=\u00bbnone\u00bb position_origin_f=\u00bbtop_center\u00bb vertical_offset=\u00bb46px\u00bb z_index=\u00bb10&#8243; width=\u00bb100%\u00bb width_tablet=\u00bb\u00bb width_phone=\u00bb90%\u00bb width_last_edited=\u00bbon|phone\u00bb max_width=\u00bb2050px\u00bb custom_margin=\u00bb0px|auto||auto|false|false\u00bb custom_padding=\u00bb|10%||10%|false|false\u00bb animation_style=\u00bbfade\u00bb sticky_position=\u00bbtop\u00bb background_last_edited=\u00bbon|phone\u00bb sticky_position_tablet=\u00bbnone\u00bb sticky_position_phone=\u00bbnone\u00bb sticky_position_last_edited=\u00bbon|phone\u00bb locked=\u00bboff\u00bb global_colors_info=\u00bb{}\u00bb background_color__sticky=\u00bbrgba(12,113,195,0.38)\u00bb background_enable_color__sticky=\u00bbon\u00bb max_height__sticky_enabled=\u00bbon|sticky\u00bb max_height__sticky=\u00bb80px\u00bb background__sticky_enabled=\u00bbon|desktop\u00bb global_module=\u00bb1280&#8243; theme_builder_area=\u00bbpost_content\u00bb][et_pb_column type=\u00bb4_4&#8243; _builder_version=\u00bb4.15.1&#8243; _module_preset=\u00bbdefault\u00bb global_colors_info=\u00bb{}\u00bb theme_builder_area=\u00bbpost_content\u00bb][et_pb_menu menu_id=\u00bb18&#8243; active_link_color=\u00bb#FFFFFF\u00bb logo=\u00bbhttps:\/\/landing.discoveribizaformentera.com\/wp-content\/uploads\/2022\/04\/Logo-Ibiza-Formentera-blanco.png\u00bb logo_url=\u00bb#inicio\u00bb logo_width=\u00bb24%\u00bb logo_max_width=\u00bb55%\u00bb logo_height=\u00bb20%\u00bb menu_icon_color=\u00bb#FFFFFF\u00bb menu_icon_font_size=\u00bb38px\u00bb active_link_color_tablet=\u00bb#0c71c3&#8243; active_link_color_phone=\u00bb#0077c8&#8243; active_link_color_last_edited=\u00bbon|phone\u00bb logo_width_tablet=\u00bb59%\u00bb logo_width_phone=\u00bb100%\u00bb logo_width_last_edited=\u00bbon|phone\u00bb logo_max_width_tablet=\u00bb55%\u00bb logo_max_width_phone=\u00bb100%\u00bb logo_max_width_last_edited=\u00bbon|phone\u00bb logo_height_tablet=\u00bb174%\u00bb logo_height_phone=\u00bbauto\u00bb logo_height_last_edited=\u00bbon|desktop\u00bb _builder_version=\u00bb4.15.1&#8243; _module_preset=\u00bbdefault\u00bb menu_font=\u00bbMontserrat||||||||\u00bb menu_text_color=\u00bb#FFFFFF\u00bb menu_font_size=\u00bb1rem\u00bb background_enable_color=\u00bboff\u00bb width_tablet=\u00bb\u00bb width_phone=\u00bb100%\u00bb width_last_edited=\u00bbon|phone\u00bb module_alignment=\u00bbcenter\u00bb custom_padding=\u00bb||||false|false\u00bb sticky_position=\u00bbtop\u00bb menu_text_color_tablet=\u00bb#0077c8&#8243; menu_text_color_phone=\u00bb#0077c8&#8243; menu_text_color_last_edited=\u00bbon|phone\u00bb sticky_position_tablet=\u00bbnone\u00bb sticky_position_phone=\u00bbnone\u00bb sticky_position_last_edited=\u00bbon|tablet\u00bb custom_css_menu_logo=\u00bbmargin-right:100px;||\u00bb global_colors_info=\u00bb{}\u00bb background_enable_color__sticky=\u00bboff\u00bb custom_margin__sticky_enabled=\u00bbon|sticky\u00bb custom_margin__sticky=\u00bb-24px||||false|false\u00bb logo_width__sticky_enabled=\u00bbon|desktop\u00bb logo_max_width__sticky_enabled=\u00bbon|sticky\u00bb logo_max_width__sticky=\u00bb20%\u00bb custom_padding__sticky_enabled=\u00bbon|sticky\u00bb custom_padding__sticky=\u00bb|||95px|false|false\u00bb background__sticky_enabled=\u00bbon|sticky\u00bb theme_builder_area=\u00bbpost_content\u00bb][\/et_pb_menu][\/et_pb_column][\/et_pb_row][\/et_pb_section][et_pb_section fb_built=\u00bb1&#8243; _builder_version=\u00bb4.15.1&#8243; _module_preset=\u00bbdefault\u00bb global_colors_info=\u00bb{}\u00bb][et_pb_row _builder_version=\u00bb4.15.1&#8243; _module_preset=\u00bbdefault\u00bb width=\u00bb60%\u00bb width_tablet=\u00bb80%\u00bb width_phone=\u00bb90%\u00bb width_last_edited=\u00bbon|phone\u00bb max_width=\u00bb2050px\u00bb global_colors_info=\u00bb{}\u00bb][et_pb_column type=\u00bb4_4&#8243; _builder_version=\u00bb4.15.1&#8243; _module_preset=\u00bbdefault\u00bb global_colors_info=\u00bb{}\u00bb][et_pb_text _builder_version=\u00bb4.15.1&#8243; _module_preset=\u00bbdefault\u00bb text_font=\u00bbMontserrat||||||||\u00bb text_font_size=\u00bb16px\u00bb header_font=\u00bbMontserrat|600|||||||\u00bb header_text_color=\u00bb#0077c8&#8243; header_font_size=\u00bb40px\u00bb header_2_font=\u00bbMontserrat||||||||\u00bb header_2_text_color=\u00bb#99d6ea\u00bb header_2_font_size=\u00bb28px\u00bb header_2_line_height=\u00bb1.2em\u00bb global_colors_info=\u00bb{}\u00bb]<\/p>\n<h1><strong>PACK DISCOVER PLAYAS FORMENTERA &gt;&gt;&gt; 1 DIA<\/strong><\/h1>\n<p>&nbsp;<\/p>\n<p><strong><\/strong><\/p>\n<p>[\/et_pb_text][\/et_pb_column][\/et_pb_row][et_pb_row column_structure=\u00bb1_4,1_4,1_4,1_4&#8243; _builder_version=\u00bb4.15.1&#8243; _module_preset=\u00bbdefault\u00bb global_colors_info=\u00bb{}\u00bb][et_pb_column type=\u00bb1_4&#8243; _builder_version=\u00bb4.15.1&#8243; _module_preset=\u00bbdefault\u00bb global_colors_info=\u00bb{}\u00bb][et_pb_icon font_icon=\u00bb&#xf21a;||fa||900&#8243; icon_color=\u00bb#000000&#8243; _builder_version=\u00bb4.15.1&#8243; _module_preset=\u00bbdefault\u00bb global_colors_info=\u00bb{}\u00bb][\/et_pb_icon][\/et_pb_column][et_pb_column type=\u00bb1_4&#8243; _builder_version=\u00bb4.15.1&#8243; _module_preset=\u00bbdefault\u00bb global_colors_info=\u00bb{}\u00bb][et_pb_icon font_icon=\u00bb&#x2b;||divi||400&#8243; icon_color=\u00bb#000000&#8243; _builder_version=\u00bb4.15.1&#8243; _module_preset=\u00bbdefault\u00bb global_colors_info=\u00bb{}\u00bb][\/et_pb_icon][\/et_pb_column][et_pb_column type=\u00bb1_4&#8243; _builder_version=\u00bb4.15.1&#8243; _module_preset=\u00bbdefault\u00bb global_colors_info=\u00bb{}\u00bb][et_pb_icon font_icon=\u00bb&#xf55e;||fa||900&#8243; icon_color=\u00bb#000000&#8243; _builder_version=\u00bb4.15.1&#8243; _module_preset=\u00bbdefault\u00bb global_colors_info=\u00bb{}\u00bb][\/et_pb_icon][\/et_pb_column][et_pb_column type=\u00bb1_4&#8243; _builder_version=\u00bb4.15.1&#8243; _module_preset=\u00bbdefault\u00bb global_colors_info=\u00bb{}\u00bb][et_pb_icon font_icon=\u00bb&#xf5ca;||fa||900&#8243; icon_color=\u00bb#000000&#8243; _builder_version=\u00bb4.15.1&#8243; _module_preset=\u00bbdefault\u00bb global_colors_info=\u00bb{}\u00bb][\/et_pb_icon][\/et_pb_column][\/et_pb_row][et_pb_row _builder_version=\u00bb4.15.1&#8243; _module_preset=\u00bbdefault\u00bb width=\u00bb60%\u00bb width_tablet=\u00bb80%\u00bb width_phone=\u00bb80%\u00bb width_last_edited=\u00bbon|phone\u00bb max_width=\u00bb2050px\u00bb locked=\u00bboff\u00bb global_colors_info=\u00bb{}\u00bb][et_pb_column type=\u00bb4_4&#8243; _builder_version=\u00bb4.15.1&#8243; _module_preset=\u00bbdefault\u00bb global_colors_info=\u00bb{}\u00bb][et_pb_text _builder_version=\u00bb4.15.1&#8243; _module_preset=\u00bbdefault\u00bb text_font=\u00bbMontserrat||||||||\u00bb text_font_size=\u00bb16px\u00bb header_font=\u00bbMontserrat|600|||||||\u00bb header_text_color=\u00bb#0077c8&#8243; header_font_size=\u00bb40px\u00bb header_2_font=\u00bbMontserrat||||||||\u00bb header_2_text_color=\u00bb#99d6ea\u00bb header_2_font_size=\u00bb28px\u00bb header_2_line_height=\u00bb1.2em\u00bb global_colors_info=\u00bb{}\u00bb]<\/p>\n<h1><\/h1>\n<p>Disfrute de las playas m\u00e1s conocidas y famosas de Formentera<\/p>\n<h2>El pack Discover Playas de Formentera incluye:<\/h2>\n<p><strong><\/strong><\/p>\n<p><strong>Open Tickets Fast-Ferry Ibiza &gt; Formentera &gt; Ibiza<\/strong> con la frecuencia horaria m\u00e1s amplia del mercado, lo que le ofrece una mayor flexibilidad a la hora de organizar su jornada.<\/p>\n<p><strong>Open Bus Tickets \u201cCircuito L\u00edneas bus L3 Ruta Azul\u201d<\/strong> entre Puerto de La Savina \u2013 Playa de Illetas \u2013 Es Pujols. Frecuencias cada 30 min. Aproximadas. Consultar variaciones seg\u00fan temporada. Servicios desde 10.00 h hasta las 19.00 h. Personal informativo y asistente a su llegada al puerto de Formentera hasta las 13.00 h.<\/p>\n<p>Sus tickets \/ vouchers, en formato papel o digital le permitir\u00e1n acceder a los barcos directamente, sin colas ni esperas tanto a la ida como en su regreso. Mostrando su ticket en autob\u00fas se le canjear\u00e1 por Open Ticket para las l\u00edneas L3 Ruta Azul para que pueda disponer del servicio a cualquier hora durante el d\u00eda tantas veces como lo desee.<\/p>\n<h2>El circuito incluido en la L\u00ednea L3 Ruta Azul, visita los siguientes lugares:<\/h2>\n<p><strong><\/strong><\/p>\n<p><strong>Puerto de La Savina:<\/strong> Lugar de inicio y fin de la l\u00ednea, donde llegar\u00e1 tras la traves\u00eda en barco y donde encontrar\u00e1 personal informativo hasta las 13.00 h, el cual le proporcionar\u00e1 informaci\u00f3n actualizada sobre el funcionamiento de la l\u00ednea y horarios y resolver\u00e1 cualquier duda que pueda surgir.<\/p>\n<p><strong>Playa de Illetas \/ Llevant:<\/strong> A unos 3,5 km del Puerto de La Savina, se encuentran las playas m\u00e1s famosas y visitadas de Formentera en la \u00e9poca.<\/p>\n<p>La playa de Illetas y la playa de Llevant, est\u00e1n situadas al norte de Formentera, dentro del \u201cParque Natural de Ses Salines de Ibiza y Formentera\u201d en la zona conocida como \u201cEs Trucadors\u201d. Dada la forma alargada de la zona en la que se encuentran, la distancia entre ambas es s\u00f3lo de unos escasos metros, lo que hace que podamos disfrutar de ambas playas al pasar de una parte de la costa a la otra en un corto recorrido.<\/p>\n<p><strong>Es Pujols:<\/strong> Situado a unos 6 \u2013 8 km del Puerto de La Savina encontramos la poblaci\u00f3n eminentemente tur\u00edstica de Es Pujols.<br \/>La playa de Es Pujols es la \u00fanica de Formentera que se encuentra directamente conectada con una zona urbana y tur\u00edstica y en la que podremos encontrar todo tipo de servicios tur\u00edsticos. Posee un paseo peatonal que separa la playa de la zona residencial y que permite, a su vez, disfrutar de bonitos paseos.<\/p>\n<p>La playa est\u00e1 formada por tramos de arena alternados con tramos de roca, en el cual se encuentran las t\u00edpicas casetas varadero, lugar donde los pescadores, todav\u00eda a d\u00eda de hoy guardan, sus tradicionales embarcaciones y aperos.<\/p>\n<p>Frente a la playa se divisan peque\u00f1os islotes que ofrecen hermosas vistas, a la vez que estos encantos favorecen la pr\u00e1ctica de actividades como el snorkel.<\/p>\n<p>&nbsp;<\/p>\n<p>LA PLAYA DE ES PUJOLS EST\u00c1 ADAPTADA Y OFRECE FACILIDADES PARA MINUSV\u00c1LIDOS.<\/p>\n<p><strong><\/strong><\/p>\n<p>[\/et_pb_text][\/et_pb_column][\/et_pb_row][et_pb_row column_structure=\u00bb1_6,1_6,1_6,1_6,1_6,1_6&#8243; _builder_version=\u00bb4.15.1&#8243; _module_preset=\u00bbdefault\u00bb locked=\u00bboff\u00bb global_colors_info=\u00bb{}\u00bb][et_pb_column type=\u00bb1_6&#8243; _builder_version=\u00bb4.15.1&#8243; _module_preset=\u00bbdefault\u00bb global_colors_info=\u00bb{}\u00bb][\/et_pb_column][et_pb_column type=\u00bb1_6&#8243; _builder_version=\u00bb4.15.1&#8243; _module_preset=\u00bbdefault\u00bb global_colors_info=\u00bb{}\u00bb][et_pb_button button_url=\u00bbhttps:\/\/landing.discoveribizaformentera.com\/#paquetes\u00bb button_text=\u00bbVOLVER\u00bb button_alignment_tablet=\u00bbcenter\u00bb button_alignment_phone=\u00bbcenter\u00bb button_alignment_last_edited=\u00bbon|phone\u00bb _builder_version=\u00bb4.15.1&#8243; _module_preset=\u00bbdefault\u00bb custom_button=\u00bbon\u00bb button_use_icon=\u00bboff\u00bb global_colors_info=\u00bb{}\u00bb][\/et_pb_button][\/et_pb_column][et_pb_column type=\u00bb1_6&#8243; _builder_version=\u00bb4.15.1&#8243; _module_preset=\u00bbdefault\u00bb global_colors_info=\u00bb{}\u00bb][\/et_pb_column][et_pb_column type=\u00bb1_6&#8243; _builder_version=\u00bb4.15.1&#8243; _module_preset=\u00bbdefault\u00bb global_colors_info=\u00bb{}\u00bb][\/et_pb_column][et_pb_column type=\u00bb1_6&#8243; _builder_version=\u00bb4.15.1&#8243; _module_preset=\u00bbdefault\u00bb global_colors_info=\u00bb{}\u00bb][et_pb_button button_url=\u00bbmailto:info@discoveribizaformentera.com\u00bb button_text=\u00bbRESERVAR\u00bb button_alignment_tablet=\u00bbcenter\u00bb button_alignment_phone=\u00bbcenter\u00bb button_alignment_last_edited=\u00bbon|phone\u00bb _builder_version=\u00bb4.15.1&#8243; _module_preset=\u00bbdefault\u00bb custom_button=\u00bbon\u00bb button_text_color=\u00bb#FFFFFF\u00bb button_bg_color=\u00bb#0C71C3&#8243; button_border_radius=\u00bb5px\u00bb global_colors_info=\u00bb{}\u00bb][\/et_pb_button][\/et_pb_column][et_pb_column type=\u00bb1_6&#8243; _builder_version=\u00bb4.15.1&#8243; _module_preset=\u00bbdefault\u00bb global_colors_info=\u00bb{}\u00bb][\/et_pb_column][\/et_pb_row][\/et_pb_section]<\/p>\n","protected":false},"excerpt":{"rendered":"<p>PACK DISCOVER PLAYAS FORMENTERA &gt;&gt;&gt; 1 DIA &nbsp; Disfrute de las playas m\u00e1s conocidas y famosas de Formentera El pack Discover Playas de Formentera incluye: Open Tickets Fast-Ferry Ibiza &gt; Formentera &gt; Ibiza con la frecuencia horaria m\u00e1s amplia del mercado, lo que le ofrece una mayor flexibilidad a la hora de organizar su jornada. [&hellip;]<\/p>\n","protected":false},"author":1,"featured_media":0,"parent":0,"menu_order":0,"comment_status":"closed","ping_status":"closed","template":"","meta":{"_et_pb_use_builder":"on","_et_pb_old_content":"","_et_gb_content_width":"","inline_featured_image":false,"footnotes":""},"class_list":["post-1190","page","type-page","status-publish","hentry"],"yoast_head":"<!-- This site is optimized with the Yoast SEO plugin v27.1.1 - https:\/\/yoast.com\/product\/yoast-seo-wordpress\/ -->\n<title>Pack Discover Playas Formentera - Discover Ibiza &amp; Formentera<\/title>\n<meta name=\"description\" content=\"Vive Formentera de forma aut\u00e9ntica y natural.\" \/>\n<meta name=\"robots\" content=\"index, follow, max-snippet:-1, max-image-preview:large, max-video-preview:-1\" \/>\n<link rel=\"canonical\" href=\"https:\/\/landing.discoveribizaformentera.com\/de\/discoverplayas\/\" \/>\n<meta property=\"og:locale\" content=\"de_DE\" \/>\n<meta property=\"og:type\" content=\"article\" \/>\n<meta property=\"og:title\" content=\"Pack Discover Playas Formentera\" \/>\n<meta property=\"og:description\" content=\"\u00a1Disfruta del d\u00eda perfecto en Formentera! Ponemos a tu disposici\u00f3n el pack ida y vuelta que incluye circuito de bus tur\u00edstico en Formentera.\" \/>\n<meta property=\"og:url\" content=\"https:\/\/landing.discoveribizaformentera.com\/de\/discoverplayas\/\" \/>\n<meta property=\"og:site_name\" content=\"Discover Ibiza &amp; Formentera\" \/>\n<meta property=\"article:modified_time\" content=\"2022-04-13T15:53:18+00:00\" \/>\n<meta property=\"og:image\" content=\"https:\/\/landing.discoveribizaformentera.com\/wp-content\/uploads\/2022\/04\/bus2.jpg\" \/>\n\t<meta property=\"og:image:width\" content=\"1920\" \/>\n\t<meta property=\"og:image:height\" content=\"1280\" \/>\n\t<meta property=\"og:image:type\" content=\"image\/jpeg\" \/>\n<meta name=\"twitter:card\" content=\"summary_large_image\" \/>\n<meta name=\"twitter:title\" content=\"Pack Discover Playas Formentera\" \/>\n<meta name=\"twitter:description\" content=\"\u00a1Disfruta del d\u00eda perfecto en Formentera! Ponemos a tu disposici\u00f3n el pack ida y vuelta que incluye circuito de bus tur\u00edstico en Formentera.\" \/>\n<meta name=\"twitter:image\" content=\"https:\/\/landing.discoveribizaformentera.com\/wp-content\/uploads\/2022\/04\/bus2.jpg\" \/>\n<meta name=\"twitter:label1\" content=\"Gesch\u00e4tzte Lesezeit\" \/>\n\t<meta name=\"twitter:data1\" content=\"4\u00a0Minuten\" \/>\n<script type=\"application\/ld+json\" class=\"yoast-schema-graph\">{\"@context\":\"https:\/\/schema.org\",\"@graph\":[{\"@type\":\"WebPage\",\"@id\":\"https:\/\/landing.discoveribizaformentera.com\/discoverplayas\/\",\"url\":\"https:\/\/landing.discoveribizaformentera.com\/discoverplayas\/\",\"name\":\"Pack Discover Playas Formentera - Discover Ibiza &amp; Formentera\",\"isPartOf\":{\"@id\":\"https:\/\/landing.discoveribizaformentera.com\/#website\"},\"datePublished\":\"2022-04-13T07:12:30+00:00\",\"dateModified\":\"2022-04-13T15:53:18+00:00\",\"description\":\"Vive Formentera de forma aut\u00e9ntica y natural.\",\"breadcrumb\":{\"@id\":\"https:\/\/landing.discoveribizaformentera.com\/discoverplayas\/#breadcrumb\"},\"inLanguage\":\"de\",\"potentialAction\":[{\"@type\":\"ReadAction\",\"target\":[\"https:\/\/landing.discoveribizaformentera.com\/discoverplayas\/\"]}]},{\"@type\":\"BreadcrumbList\",\"@id\":\"https:\/\/landing.discoveribizaformentera.com\/discoverplayas\/#breadcrumb\",\"itemListElement\":[{\"@type\":\"ListItem\",\"position\":1,\"name\":\"Portada\",\"item\":\"https:\/\/landing.discoveribizaformentera.com\/it\/\"},{\"@type\":\"ListItem\",\"position\":2,\"name\":\"Pack Discover Playas Formentera\"}]},{\"@type\":\"WebSite\",\"@id\":\"https:\/\/landing.discoveribizaformentera.com\/#website\",\"url\":\"https:\/\/landing.discoveribizaformentera.com\/\",\"name\":\"Discover Ibiza &amp; Formentera\",\"description\":\"Agencia de viajes online\",\"publisher\":{\"@id\":\"https:\/\/landing.discoveribizaformentera.com\/#organization\"},\"potentialAction\":[{\"@type\":\"SearchAction\",\"target\":{\"@type\":\"EntryPoint\",\"urlTemplate\":\"https:\/\/landing.discoveribizaformentera.com\/?s={search_term_string}\"},\"query-input\":{\"@type\":\"PropertyValueSpecification\",\"valueRequired\":true,\"valueName\":\"search_term_string\"}}],\"inLanguage\":\"de\"},{\"@type\":\"Organization\",\"@id\":\"https:\/\/landing.discoveribizaformentera.com\/#organization\",\"name\":\"Discover Ibiza & Formentera\",\"url\":\"https:\/\/landing.discoveribizaformentera.com\/\",\"logo\":{\"@type\":\"ImageObject\",\"inLanguage\":\"de\",\"@id\":\"https:\/\/landing.discoveribizaformentera.com\/#\/schema\/logo\/image\/\",\"url\":\"https:\/\/landing.discoveribizaformentera.com\/wp-content\/uploads\/2022\/04\/Logo-Ibiza-Formentera.png\",\"contentUrl\":\"https:\/\/landing.discoveribizaformentera.com\/wp-content\/uploads\/2022\/04\/Logo-Ibiza-Formentera.png\",\"width\":773,\"height\":248,\"caption\":\"Discover Ibiza & Formentera\"},\"image\":{\"@id\":\"https:\/\/landing.discoveribizaformentera.com\/#\/schema\/logo\/image\/\"}}]}<\/script>\n<!-- \/ Yoast SEO plugin. -->","yoast_head_json":{"title":"Pack Discover Playas Formentera - Discover Ibiza &amp; Formentera","description":"Vive Formentera de forma aut\u00e9ntica y natural.","robots":{"index":"index","follow":"follow","max-snippet":"max-snippet:-1","max-image-preview":"max-image-preview:large","max-video-preview":"max-video-preview:-1"},"canonical":"https:\/\/landing.discoveribizaformentera.com\/de\/discoverplayas\/","og_locale":"de_DE","og_type":"article","og_title":"Pack Discover Playas Formentera","og_description":"\u00a1Disfruta del d\u00eda perfecto en Formentera! Ponemos a tu disposici\u00f3n el pack ida y vuelta que incluye circuito de bus tur\u00edstico en Formentera.","og_url":"https:\/\/landing.discoveribizaformentera.com\/de\/discoverplayas\/","og_site_name":"Discover Ibiza &amp; Formentera","article_modified_time":"2022-04-13T15:53:18+00:00","og_image":[{"width":1920,"height":1280,"url":"https:\/\/landing.discoveribizaformentera.com\/wp-content\/uploads\/2022\/04\/bus2.jpg","type":"image\/jpeg"}],"twitter_card":"summary_large_image","twitter_title":"Pack Discover Playas Formentera","twitter_description":"\u00a1Disfruta del d\u00eda perfecto en Formentera! Ponemos a tu disposici\u00f3n el pack ida y vuelta que incluye circuito de bus tur\u00edstico en Formentera.","twitter_image":"https:\/\/landing.discoveribizaformentera.com\/wp-content\/uploads\/2022\/04\/bus2.jpg","twitter_misc":{"Gesch\u00e4tzte Lesezeit":"4\u00a0Minuten"},"schema":{"@context":"https:\/\/schema.org","@graph":[{"@type":"WebPage","@id":"https:\/\/landing.discoveribizaformentera.com\/discoverplayas\/","url":"https:\/\/landing.discoveribizaformentera.com\/discoverplayas\/","name":"Pack Discover Playas Formentera - Discover Ibiza &amp; Formentera","isPartOf":{"@id":"https:\/\/landing.discoveribizaformentera.com\/#website"},"datePublished":"2022-04-13T07:12:30+00:00","dateModified":"2022-04-13T15:53:18+00:00","description":"Vive Formentera de forma aut\u00e9ntica y natural.","breadcrumb":{"@id":"https:\/\/landing.discoveribizaformentera.com\/discoverplayas\/#breadcrumb"},"inLanguage":"de","potentialAction":[{"@type":"ReadAction","target":["https:\/\/landing.discoveribizaformentera.com\/discoverplayas\/"]}]},{"@type":"BreadcrumbList","@id":"https:\/\/landing.discoveribizaformentera.com\/discoverplayas\/#breadcrumb","itemListElement":[{"@type":"ListItem","position":1,"name":"Portada","item":"https:\/\/landing.discoveribizaformentera.com\/it\/"},{"@type":"ListItem","position":2,"name":"Pack Discover Playas Formentera"}]},{"@type":"WebSite","@id":"https:\/\/landing.discoveribizaformentera.com\/#website","url":"https:\/\/landing.discoveribizaformentera.com\/","name":"Discovery Ibiza &amp; Formentera","description":"Agencia de viajes online","publisher":{"@id":"https:\/\/landing.discoveribizaformentera.com\/#organization"},"potentialAction":[{"@type":"SearchAction","target":{"@type":"EntryPoint","urlTemplate":"https:\/\/landing.discoveribizaformentera.com\/?s={search_term_string}"},"query-input":{"@type":"PropertyValueSpecification","valueRequired":true,"valueName":"search_term_string"}}],"inLanguage":"de"},{"@type":"Organization","@id":"https:\/\/landing.discoveribizaformentera.com\/#organization","name":"Discover Ibiza & Formentera","url":"https:\/\/landing.discoveribizaformentera.com\/","logo":{"@type":"ImageObject","inLanguage":"de","@id":"https:\/\/landing.discoveribizaformentera.com\/#\/schema\/logo\/image\/","url":"https:\/\/landing.discoveribizaformentera.com\/wp-content\/uploads\/2022\/04\/Logo-Ibiza-Formentera.png","contentUrl":"https:\/\/landing.discoveribizaformentera.com\/wp-content\/uploads\/2022\/04\/Logo-Ibiza-Formentera.png","width":773,"height":248,"caption":"Discover Ibiza & Formentera"},"image":{"@id":"https:\/\/landing.discoveribizaformentera.com\/#\/schema\/logo\/image\/"}}]}},"_links":{"self":[{"href":"https:\/\/landing.discoveribizaformentera.com\/de\/wp-json\/wp\/v2\/pages\/1190","targetHints":{"allow":["GET"]}}],"collection":[{"href":"https:\/\/landing.discoveribizaformentera.com\/de\/wp-json\/wp\/v2\/pages"}],"about":[{"href":"https:\/\/landing.discoveribizaformentera.com\/de\/wp-json\/wp\/v2\/types\/page"}],"author":[{"embeddable":true,"href":"https:\/\/landing.discoveribizaformentera.com\/de\/wp-json\/wp\/v2\/users\/1"}],"replies":[{"embeddable":true,"href":"https:\/\/landing.discoveribizaformentera.com\/de\/wp-json\/wp\/v2\/comments?post=1190"}],"version-history":[{"count":12,"href":"https:\/\/landing.discoveribizaformentera.com\/de\/wp-json\/wp\/v2\/pages\/1190\/revisions"}],"predecessor-version":[{"id":1283,"href":"https:\/\/landing.discoveribizaformentera.com\/de\/wp-json\/wp\/v2\/pages\/1190\/revisions\/1283"}],"wp:attachment":[{"href":"https:\/\/landing.discoveribizaformentera.com\/de\/wp-json\/wp\/v2\/media?parent=1190"}],"curies":[{"name":"wp","href":"https:\/\/api.w.org\/{rel}","templated":true}]}}