{"id":835,"date":"2022-04-07T08:25:56","date_gmt":"2022-04-07T07:25:56","guid":{"rendered":"https:\/\/landing.discoveribizaformentera.com\/?page_id=835"},"modified":"2022-04-13T16:54:01","modified_gmt":"2022-04-13T15:54:01","slug":"cookies","status":"publish","type":"page","link":"https:\/\/landing.discoveribizaformentera.com\/en\/cookies\/","title":{"rendered":"Cookie Policy"},"content":{"rendered":"<p>[et_pb_section fb_built=\u00bb1&#8243; _builder_version=\u00bb4.15.1&#8243; _module_preset=\u00bbdefault\u00bb background_image=\u00bbhttps:\/\/landing.discoveribizaformentera.com\/wp-content\/uploads\/2022\/04\/Pareja-en-bici.jpg\u00bb min_height=\u00bb50vh\u00bb height=\u00bb50vh\u00bb max_height=\u00bb100vh\u00bb locked=\u00bboff\u00bb global_colors_info=\u00bb{}\u00bb custom_padding=\u00bb11px|||||\u00bb][et_pb_row disabled_on=\u00bboff|off|off\u00bb _builder_version=\u00bb4.15.1&#8243; _module_preset=\u00bbdefault\u00bb background_enable_color=\u00bboff\u00bb positioning=\u00bbnone\u00bb position_origin_f=\u00bbtop_center\u00bb vertical_offset=\u00bb46px\u00bb z_index=\u00bb10&#8243; width=\u00bb100%\u00bb width_tablet=\u00bb\u00bb width_phone=\u00bb90%\u00bb width_last_edited=\u00bbon|phone\u00bb max_width=\u00bb2050px\u00bb custom_margin=\u00bb0px|auto||auto|false|false\u00bb custom_padding=\u00bb|10%||10%|false|false\u00bb animation_style=\u00bbfade\u00bb sticky_position=\u00bbtop\u00bb background_last_edited=\u00bbon|phone\u00bb sticky_position_tablet=\u00bbnone\u00bb sticky_position_phone=\u00bbnone\u00bb sticky_position_last_edited=\u00bbon|phone\u00bb locked=\u00bboff\u00bb global_colors_info=\u00bb{}\u00bb background_color__sticky=\u00bbrgba(12,113,195,0.38)\u00bb background_enable_color__sticky=\u00bbon\u00bb max_height__sticky_enabled=\u00bbon|sticky\u00bb max_height__sticky=\u00bb80px\u00bb background__sticky_enabled=\u00bbon|desktop\u00bb global_module=\u00bb1280&#8243; theme_builder_area=\u00bbpost_content\u00bb][et_pb_column type=\u00bb4_4&#8243; _builder_version=\u00bb4.15.1&#8243; _module_preset=\u00bbdefault\u00bb global_colors_info=\u00bb{}\u00bb theme_builder_area=\u00bbpost_content\u00bb][et_pb_menu menu_id=\u00bb18&#8243; active_link_color=\u00bb#FFFFFF\u00bb logo=\u00bbhttps:\/\/landing.discoveribizaformentera.com\/wp-content\/uploads\/2022\/04\/Logo-Ibiza-Formentera-blanco.png\u00bb logo_url=\u00bb#inicio\u00bb logo_width=\u00bb24%\u00bb logo_max_width=\u00bb55%\u00bb logo_height=\u00bb20%\u00bb menu_icon_color=\u00bb#FFFFFF\u00bb menu_icon_font_size=\u00bb38px\u00bb active_link_color_tablet=\u00bb#0c71c3&#8243; active_link_color_phone=\u00bb#0077c8&#8243; active_link_color_last_edited=\u00bbon|phone\u00bb logo_width_tablet=\u00bb59%\u00bb logo_width_phone=\u00bb100%\u00bb logo_width_last_edited=\u00bbon|phone\u00bb logo_max_width_tablet=\u00bb55%\u00bb logo_max_width_phone=\u00bb100%\u00bb logo_max_width_last_edited=\u00bbon|phone\u00bb logo_height_tablet=\u00bb174%\u00bb logo_height_phone=\u00bbauto\u00bb logo_height_last_edited=\u00bbon|desktop\u00bb _builder_version=\u00bb4.15.1&#8243; _module_preset=\u00bbdefault\u00bb menu_font=\u00bbMontserrat||||||||\u00bb menu_text_color=\u00bb#FFFFFF\u00bb menu_font_size=\u00bb1rem\u00bb background_enable_color=\u00bboff\u00bb width_tablet=\u00bb\u00bb width_phone=\u00bb100%\u00bb width_last_edited=\u00bbon|phone\u00bb module_alignment=\u00bbcenter\u00bb custom_padding=\u00bb||||false|false\u00bb sticky_position=\u00bbtop\u00bb menu_text_color_tablet=\u00bb#0077c8&#8243; menu_text_color_phone=\u00bb#0077c8&#8243; menu_text_color_last_edited=\u00bbon|phone\u00bb sticky_position_tablet=\u00bbnone\u00bb sticky_position_phone=\u00bbnone\u00bb sticky_position_last_edited=\u00bbon|tablet\u00bb custom_css_menu_logo=\u00bbmargin-right:100px;||\u00bb global_colors_info=\u00bb{}\u00bb background_enable_color__sticky=\u00bboff\u00bb custom_margin__sticky_enabled=\u00bbon|sticky\u00bb custom_margin__sticky=\u00bb-24px||||false|false\u00bb logo_width__sticky_enabled=\u00bbon|desktop\u00bb logo_max_width__sticky_enabled=\u00bbon|sticky\u00bb logo_max_width__sticky=\u00bb20%\u00bb custom_padding__sticky_enabled=\u00bbon|sticky\u00bb custom_padding__sticky=\u00bb|||95px|false|false\u00bb background__sticky_enabled=\u00bbon|sticky\u00bb theme_builder_area=\u00bbpost_content\u00bb][\/et_pb_menu][\/et_pb_column][\/et_pb_row][\/et_pb_section][et_pb_section fb_built=\u00bb1&#8243; _builder_version=\u00bb4.15.1&#8243; _module_preset=\u00bbdefault\u00bb global_colors_info=\u00bb{}\u00bb][et_pb_row _builder_version=\u00bb4.15.1&#8243; _module_preset=\u00bbdefault\u00bb width=\u00bb60%\u00bb max_width=\u00bb2050px\u00bb global_colors_info=\u00bb{}\u00bb][et_pb_column type=\u00bb4_4&#8243; _builder_version=\u00bb4.15.1&#8243; _module_preset=\u00bbdefault\u00bb global_colors_info=\u00bb{}\u00bb][et_pb_text _builder_version=\u00bb4.15.1&#8243; _module_preset=\u00bbdefault\u00bb text_font=\u00bbMontserrat||||||||\u00bb text_font_size=\u00bb16px\u00bb header_font=\u00bbMontserrat|600|||||||\u00bb header_text_color=\u00bb#0077c8&#8243; header_font_size=\u00bb40px\u00bb header_2_font=\u00bbMontserrat||||||||\u00bb header_2_text_color=\u00bb#99d6ea\u00bb header_2_font_size=\u00bb28px\u00bb header_2_line_height=\u00bb1.2em\u00bb global_colors_info=\u00bb{}\u00bb]<\/p>\n<h1 id=\"j_id_1r_2u:modalTitle\" class=\"c-modal__header u-font-weight--bold u-font-size--middle mb-20\">Pol\u00edtica de cookies<\/h1>\n<p>&nbsp;<\/p>\n<div id=\"cookies_policy\" class=\"cookies_policy\">\n<h2><strong>1. Cookies e Identificaci\u00f3n de dispositivos<\/strong><\/h2>\n<p>Una cookie es un fichero que se descarga en el ordenador\/smartphone\/tablet del usuario al acceder a determinadas p\u00e1ginas web para almacenar y recuperar informaci\u00f3n sobre la navegaci\u00f3n que se efect\u00faa desde dicho equipo. Se almacenan en su disco duro y su navegador de Internet puede utilizarlas en el futuro. Puede desde la<\/p>\n<p>configuraci\u00f3n de su navegador permitir o denegar el almacenamiento de este tipo de archivos.<\/p>\n<p>&nbsp;<\/p>\n<p>Accediendo a esta p\u00e1gina web Ud. consiente el uso de cookies por parte de\u00a0DISCOVER PITIUSAS, S.L.\u00a0y de terceros que ofrecen servicios de publicidad.<\/p>\n<p>&nbsp;<\/p>\n<h2><strong>2. Uso de cookies por parte de\u00a0DISCOVER PITIUSAS, S.L.<\/strong><\/h2>\n<p>DISCOVER PITIUSAS, S.L.\u00a0utiliza cookies en sus p\u00e1ginas web con los siguientes fines:<\/p>\n<p>&nbsp;<\/p>\n<p>&#8211; Permitir y facilitar sus reservas on-line.<\/p>\n<p>&#8211; Mejorar la usabilidad de sus p\u00e1ginas web (recordando sus preferencias)<\/p>\n<p>&#8211; Realizaci\u00f3n de estudios estad\u00edsticas, sin guardar, en ning\u00fan momento informaci\u00f3n con car\u00e1cter individual.<\/p>\n<p>&#8211; Optimizar el rendimiento de sus p\u00e1ginas web<\/p>\n<p>&#8211; Conocer si el usuario ha mostrado su inter\u00e9s por alguna campa\u00f1a promocional, ofreci\u00e9ndole as\u00ed el contenido desarrollado para la misma.<\/p>\n<p>&#8211; Facilitar la navegaci\u00f3n por las p\u00e1ginas web, durante las nuevas visitas de visitantes recurrentes.<\/p>\n<p>&nbsp;<\/p>\n<p>En ning\u00fan caso, dichas cookies contienen informaci\u00f3n de car\u00e1cter personal.<\/p>\n<p>&nbsp;<\/p>\n<h2><strong>3. Cookies de terceros para publicidad<\/strong><\/h2>\n<p>Hacemos uso de tecnolog\u00eda proporcionada por terceros para presentar campa\u00f1as promocionales en otras p\u00e1ginas web de socios comerciales, con el prop\u00f3sito de mostrarle aquella informaci\u00f3n que resulta de su inter\u00e9s. A partir de dichas informaci\u00f3n no se puede obtener ning\u00fan dato personal.<\/p>\n<p>&nbsp;<\/p>\n<p>Mediante la configuraci\u00f3n de su navegador de Internet, Ud. puede rechazar que se almacenen dichas cookies en su equipo.<\/p>\n<p>&nbsp;<\/p>\n<p>Cookies de terceros que se pueden encontrar en las p\u00e1ginas de\u00a0DISCOVER PITIUSAS, S.L.:<\/p>\n<p>&#8211; Google AdWords Conversion<\/p>\n<p>&#8211; Google Analytics<\/p>\n<p>&nbsp;<\/p>\n<h2><strong>4. Gesti\u00f3n de cookies por parte del usuario<\/strong><\/h2>\n<p>Existen numerosas p\u00e1ginas web en Internet que pueden orientarle sobre c\u00f3mo gestionar las cookies de su<\/p>\n<p>navegador. Le ofrecemos algunas muestras para los navegadores de uso m\u00e1s extendido,<\/p>\n<p>Chrome , desde\u00a0http:\/\/support.google.com\/chrome\/bin\/answer.py?hl=es&amp;answer=95647<\/p>\n<p>Explorer, desde\u00a0http:\/\/windows.microsoft.com\/es-es\/windows7\/how-to-manage- cookies-in-internet-explorer-9<\/p>\n<p>Firefox, desde\u00a0https:\/\/support.mozilla.org\/es\/kb\/habilitar-y-deshabilitar-cookies-que-los-sitios-we<\/p>\n<p>Safari, desde\u00a0http:\/\/support.apple.com\/kb\/ph5042<\/p>\n<p>&nbsp;<\/p>\n<h2><strong>5. Contenidos embebidos de terceros en nuestras p\u00e1ginas<\/strong><\/h2>\n<p>DISCOVER PITIUSAS, S.L.\u00a0utiliza contenidos como fotos de sitios web Flickr, los cuales pueden requerir el uso de cookies. En estos casos,\u00a0DISCOVER PITIUSAS, S.L.\u00a0recomienda que consulte la pol\u00edtica para la gesti\u00f3n de cookies que siguen dichos sitios.<\/p>\n<p>&nbsp;<\/p>\n<h2><strong>6. Web Beacons &amp; Pixel tags<\/strong><\/h2>\n<p>DISCOVER PITIUSAS, S.L.\u00a0y sus encargados de tratamiento pueden utilizar Web Beacons y Pixel Tags en sus correos electr\u00f3nicos y p\u00e1ginas HTML. Estos sistemas no se utilizan para recabar datos personales, excepto aquellos que Ud. nos pueda entregar mediante la realizaci\u00f3n de transacciones en nuestra p\u00e1gina web.<\/p>\n<p>La funci\u00f3n de estas herramientas es conocer si el usuario ha visualizado el email o la p\u00e1gina, pudiendo realizar un tratamiento estad\u00edstico de dicha informaci\u00f3n.<\/p>\n<\/div>\n<p>[\/et_pb_text][\/et_pb_column][\/et_pb_row][\/et_pb_section]<\/p>\n","protected":false},"excerpt":{"rendered":"<p>Pol\u00edtica de cookies &nbsp; 1. Cookies e Identificaci\u00f3n de dispositivos Una cookie es un fichero que se descarga en el ordenador\/smartphone\/tablet del usuario al acceder a determinadas p\u00e1ginas web para almacenar y recuperar informaci\u00f3n sobre la navegaci\u00f3n que se efect\u00faa desde dicho equipo. Se almacenan en su disco duro y su navegador de Internet puede [&hellip;]<\/p>\n","protected":false},"author":1,"featured_media":0,"parent":0,"menu_order":0,"comment_status":"closed","ping_status":"closed","template":"","meta":{"_et_pb_use_builder":"on","_et_pb_old_content":"","_et_gb_content_width":"","inline_featured_image":false,"footnotes":""},"class_list":["post-835","page","type-page","status-publish","hentry"],"yoast_head":"<!-- This site is optimized with the Yoast SEO plugin v27.1.1 - https:\/\/yoast.com\/product\/yoast-seo-wordpress\/ -->\n<title>Pol\u00edtica de Cookies - Discover Ibiza &amp; Formentera<\/title>\n<meta name=\"description\" content=\"Pol\u00edtica de Cookies Discover Ibiza &amp; Formentera\" \/>\n<meta name=\"robots\" content=\"index, follow, max-snippet:-1, max-image-preview:large, max-video-preview:-1\" \/>\n<link rel=\"canonical\" href=\"https:\/\/landing.discoveribizaformentera.com\/en\/cookies\/\" \/>\n<meta property=\"og:locale\" content=\"en_GB\" \/>\n<meta property=\"og:type\" content=\"article\" \/>\n<meta property=\"og:title\" content=\"Pol\u00edtica de Cookies\" \/>\n<meta property=\"og:description\" content=\"Pol\u00edtica de Cookies Discover Ibiza &amp; Formentera\" \/>\n<meta property=\"og:url\" content=\"https:\/\/landing.discoveribizaformentera.com\/en\/cookies\/\" \/>\n<meta property=\"og:site_name\" content=\"Discover Ibiza &amp; Formentera\" \/>\n<meta property=\"article:modified_time\" content=\"2022-04-13T15:54:01+00:00\" \/>\n<meta property=\"og:image\" content=\"https:\/\/landing.discoveribizaformentera.com\/wp-content\/uploads\/2022\/04\/Logo-Compartir-facebook.png\" \/>\n\t<meta property=\"og:image:width\" content=\"1200\" \/>\n\t<meta property=\"og:image:height\" content=\"630\" \/>\n\t<meta property=\"og:image:type\" content=\"image\/png\" \/>\n<meta name=\"twitter:card\" content=\"summary_large_image\" \/>\n<meta name=\"twitter:title\" content=\"Pol\u00edtica de Cookies\" \/>\n<meta name=\"twitter:description\" content=\"Pol\u00edtica de Cookies Discover Ibiza &amp; Formentera\" \/>\n<meta name=\"twitter:image\" content=\"https:\/\/landing.discoveribizaformentera.com\/wp-content\/uploads\/2022\/04\/Logo-Compartir-facebook.png\" \/>\n<meta name=\"twitter:label1\" content=\"Estimated reading time\" \/>\n\t<meta name=\"twitter:data1\" content=\"3 minutes\" \/>\n<script type=\"application\/ld+json\" class=\"yoast-schema-graph\">{\"@context\":\"https:\/\/schema.org\",\"@graph\":[{\"@type\":\"WebPage\",\"@id\":\"https:\/\/landing.discoveribizaformentera.com\/it\/cookies\/\",\"url\":\"https:\/\/landing.discoveribizaformentera.com\/it\/cookies\/\",\"name\":\"Pol\u00edtica de Cookies - Discover Ibiza &amp; Formentera\",\"isPartOf\":{\"@id\":\"https:\/\/landing.discoveribizaformentera.com\/#website\"},\"datePublished\":\"2022-04-07T07:25:56+00:00\",\"dateModified\":\"2022-04-13T15:54:01+00:00\",\"description\":\"Pol\u00edtica de Cookies Discover Ibiza & Formentera\",\"breadcrumb\":{\"@id\":\"https:\/\/landing.discoveribizaformentera.com\/it\/cookies\/#breadcrumb\"},\"inLanguage\":\"en-GB\",\"potentialAction\":[{\"@type\":\"ReadAction\",\"target\":[\"https:\/\/landing.discoveribizaformentera.com\/it\/cookies\/\"]}]},{\"@type\":\"BreadcrumbList\",\"@id\":\"https:\/\/landing.discoveribizaformentera.com\/it\/cookies\/#breadcrumb\",\"itemListElement\":[{\"@type\":\"ListItem\",\"position\":1,\"name\":\"Portada\",\"item\":\"https:\/\/landing.discoveribizaformentera.com\/it\/\"},{\"@type\":\"ListItem\",\"position\":2,\"name\":\"Pol\u00edtica de Cookies\"}]},{\"@type\":\"WebSite\",\"@id\":\"https:\/\/landing.discoveribizaformentera.com\/#website\",\"url\":\"https:\/\/landing.discoveribizaformentera.com\/\",\"name\":\"Discover Ibiza &amp; Formentera\",\"description\":\"Agencia de viajes online\",\"publisher\":{\"@id\":\"https:\/\/landing.discoveribizaformentera.com\/#organization\"},\"potentialAction\":[{\"@type\":\"SearchAction\",\"target\":{\"@type\":\"EntryPoint\",\"urlTemplate\":\"https:\/\/landing.discoveribizaformentera.com\/?s={search_term_string}\"},\"query-input\":{\"@type\":\"PropertyValueSpecification\",\"valueRequired\":true,\"valueName\":\"search_term_string\"}}],\"inLanguage\":\"en-GB\"},{\"@type\":\"Organization\",\"@id\":\"https:\/\/landing.discoveribizaformentera.com\/#organization\",\"name\":\"Discover Ibiza & Formentera\",\"url\":\"https:\/\/landing.discoveribizaformentera.com\/\",\"logo\":{\"@type\":\"ImageObject\",\"inLanguage\":\"en-GB\",\"@id\":\"https:\/\/landing.discoveribizaformentera.com\/#\/schema\/logo\/image\/\",\"url\":\"https:\/\/landing.discoveribizaformentera.com\/wp-content\/uploads\/2022\/04\/Logo-Ibiza-Formentera.png\",\"contentUrl\":\"https:\/\/landing.discoveribizaformentera.com\/wp-content\/uploads\/2022\/04\/Logo-Ibiza-Formentera.png\",\"width\":773,\"height\":248,\"caption\":\"Discover Ibiza & Formentera\"},\"image\":{\"@id\":\"https:\/\/landing.discoveribizaformentera.com\/#\/schema\/logo\/image\/\"}}]}<\/script>\n<!-- \/ Yoast SEO plugin. -->","yoast_head_json":{"title":"Pol\u00edtica de Cookies - Discover Ibiza &amp; Formentera","description":"Pol\u00edtica de Cookies Discover Ibiza & Formentera","robots":{"index":"index","follow":"follow","max-snippet":"max-snippet:-1","max-image-preview":"max-image-preview:large","max-video-preview":"max-video-preview:-1"},"canonical":"https:\/\/landing.discoveribizaformentera.com\/en\/cookies\/","og_locale":"en_GB","og_type":"article","og_title":"Pol\u00edtica de Cookies","og_description":"Pol\u00edtica de Cookies Discover Ibiza & Formentera","og_url":"https:\/\/landing.discoveribizaformentera.com\/en\/cookies\/","og_site_name":"Discover Ibiza &amp; Formentera","article_modified_time":"2022-04-13T15:54:01+00:00","og_image":[{"width":1200,"height":630,"url":"https:\/\/landing.discoveribizaformentera.com\/wp-content\/uploads\/2022\/04\/Logo-Compartir-facebook.png","type":"image\/png"}],"twitter_card":"summary_large_image","twitter_title":"Pol\u00edtica de Cookies","twitter_description":"Pol\u00edtica de Cookies Discover Ibiza & Formentera","twitter_image":"https:\/\/landing.discoveribizaformentera.com\/wp-content\/uploads\/2022\/04\/Logo-Compartir-facebook.png","twitter_misc":{"Estimated reading time":"3 minutes"},"schema":{"@context":"https:\/\/schema.org","@graph":[{"@type":"WebPage","@id":"https:\/\/landing.discoveribizaformentera.com\/it\/cookies\/","url":"https:\/\/landing.discoveribizaformentera.com\/it\/cookies\/","name":"Pol\u00edtica de Cookies - Discover Ibiza &amp; Formentera","isPartOf":{"@id":"https:\/\/landing.discoveribizaformentera.com\/#website"},"datePublished":"2022-04-07T07:25:56+00:00","dateModified":"2022-04-13T15:54:01+00:00","description":"Pol\u00edtica de Cookies Discover Ibiza & Formentera","breadcrumb":{"@id":"https:\/\/landing.discoveribizaformentera.com\/it\/cookies\/#breadcrumb"},"inLanguage":"en-GB","potentialAction":[{"@type":"ReadAction","target":["https:\/\/landing.discoveribizaformentera.com\/it\/cookies\/"]}]},{"@type":"BreadcrumbList","@id":"https:\/\/landing.discoveribizaformentera.com\/it\/cookies\/#breadcrumb","itemListElement":[{"@type":"ListItem","position":1,"name":"Portada","item":"https:\/\/landing.discoveribizaformentera.com\/it\/"},{"@type":"ListItem","position":2,"name":"Pol\u00edtica de Cookies"}]},{"@type":"WebSite","@id":"https:\/\/landing.discoveribizaformentera.com\/#website","url":"https:\/\/landing.discoveribizaformentera.com\/","name":"Discovery Ibiza &amp; Formentera","description":"Agencia de viajes online","publisher":{"@id":"https:\/\/landing.discoveribizaformentera.com\/#organization"},"potentialAction":[{"@type":"SearchAction","target":{"@type":"EntryPoint","urlTemplate":"https:\/\/landing.discoveribizaformentera.com\/?s={search_term_string}"},"query-input":{"@type":"PropertyValueSpecification","valueRequired":true,"valueName":"search_term_string"}}],"inLanguage":"en-GB"},{"@type":"Organization","@id":"https:\/\/landing.discoveribizaformentera.com\/#organization","name":"Discover Ibiza & Formentera","url":"https:\/\/landing.discoveribizaformentera.com\/","logo":{"@type":"ImageObject","inLanguage":"en-GB","@id":"https:\/\/landing.discoveribizaformentera.com\/#\/schema\/logo\/image\/","url":"https:\/\/landing.discoveribizaformentera.com\/wp-content\/uploads\/2022\/04\/Logo-Ibiza-Formentera.png","contentUrl":"https:\/\/landing.discoveribizaformentera.com\/wp-content\/uploads\/2022\/04\/Logo-Ibiza-Formentera.png","width":773,"height":248,"caption":"Discover Ibiza & Formentera"},"image":{"@id":"https:\/\/landing.discoveribizaformentera.com\/#\/schema\/logo\/image\/"}}]}},"_links":{"self":[{"href":"https:\/\/landing.discoveribizaformentera.com\/en\/wp-json\/wp\/v2\/pages\/835","targetHints":{"allow":["GET"]}}],"collection":[{"href":"https:\/\/landing.discoveribizaformentera.com\/en\/wp-json\/wp\/v2\/pages"}],"about":[{"href":"https:\/\/landing.discoveribizaformentera.com\/en\/wp-json\/wp\/v2\/types\/page"}],"author":[{"embeddable":true,"href":"https:\/\/landing.discoveribizaformentera.com\/en\/wp-json\/wp\/v2\/users\/1"}],"replies":[{"embeddable":true,"href":"https:\/\/landing.discoveribizaformentera.com\/en\/wp-json\/wp\/v2\/comments?post=835"}],"version-history":[{"count":9,"href":"https:\/\/landing.discoveribizaformentera.com\/en\/wp-json\/wp\/v2\/pages\/835\/revisions"}],"predecessor-version":[{"id":1284,"href":"https:\/\/landing.discoveribizaformentera.com\/en\/wp-json\/wp\/v2\/pages\/835\/revisions\/1284"}],"wp:attachment":[{"href":"https:\/\/landing.discoveribizaformentera.com\/en\/wp-json\/wp\/v2\/media?parent=835"}],"curies":[{"name":"wp","href":"https:\/\/api.w.org\/{rel}","templated":true}]}}