{"id":1167,"date":"2022-04-12T14:50:54","date_gmt":"2022-04-12T13:50:54","guid":{"rendered":"https:\/\/landing.discoveribizaformentera.com\/?page_id=1167"},"modified":"2022-05-02T16:13:15","modified_gmt":"2022-05-02T15:13:15","slug":"formenterabici","status":"publish","type":"page","link":"https:\/\/landing.discoveribizaformentera.com\/it\/formenterabici\/","title":{"rendered":"Pack Discover Formentera en Bici"},"content":{"rendered":"<p>[et_pb_section fb_built=\u00bb1&#8243; module_id=\u00bbinicio\u00bb _builder_version=\u00bb4.15.1&#8243; _module_preset=\u00bbdefault\u00bb background_image=\u00bbhttps:\/\/landing.discoveribizaformentera.com\/wp-content\/uploads\/2022\/04\/Bici2.jpg\u00bb background_position=\u00bbtop_center\u00bb background_enable_video_mp4=\u00bboff\u00bb min_height=\u00bb50vh\u00bb height=\u00bb50vh\u00bb max_height=\u00bb100vh\u00bb custom_padding=\u00bb4px|||||\u00bb background_last_edited=\u00bbon|phone\u00bb background_image_phone=\u00bbhttps:\/\/landing.discoveribizaformentera.com\/wp-content\/uploads\/2022\/04\/Fondo.jpg\u00bb background_enable_image_phone=\u00bbon\u00bb background_position_phone=\u00bbtop_left\u00bb background_enable_video_mp4_phone=\u00bboff\u00bb locked=\u00bboff\u00bb global_colors_info=\u00bb{}\u00bb][et_pb_row disabled_on=\u00bboff|off|off\u00bb _builder_version=\u00bb4.15.1&#8243; _module_preset=\u00bbdefault\u00bb background_enable_color=\u00bboff\u00bb positioning=\u00bbnone\u00bb position_origin_f=\u00bbtop_center\u00bb vertical_offset=\u00bb46px\u00bb z_index=\u00bb10&#8243; width=\u00bb100%\u00bb width_tablet=\u00bb\u00bb width_phone=\u00bb90%\u00bb width_last_edited=\u00bbon|phone\u00bb max_width=\u00bb2050px\u00bb custom_margin=\u00bb0px|auto||auto|false|false\u00bb custom_padding=\u00bb|10%||10%|false|false\u00bb animation_style=\u00bbfade\u00bb sticky_position=\u00bbtop\u00bb background_last_edited=\u00bbon|phone\u00bb sticky_position_tablet=\u00bbnone\u00bb sticky_position_phone=\u00bbnone\u00bb sticky_position_last_edited=\u00bbon|phone\u00bb global_module=\u00bb1280&#8243; saved_tabs=\u00bball\u00bb locked=\u00bboff\u00bb global_colors_info=\u00bb{}\u00bb background_color__sticky=\u00bbrgba(12,113,195,0.38)\u00bb background_enable_color__sticky=\u00bbon\u00bb max_height__sticky_enabled=\u00bbon|sticky\u00bb max_height__sticky=\u00bb80px\u00bb background__sticky_enabled=\u00bbon|desktop\u00bb][et_pb_column type=\u00bb4_4&#8243; _builder_version=\u00bb4.15.1&#8243; _module_preset=\u00bbdefault\u00bb global_colors_info=\u00bb{}\u00bb][et_pb_menu menu_id=\u00bb18&#8243; active_link_color=\u00bb#FFFFFF\u00bb logo=\u00bbhttps:\/\/landing.discoveribizaformentera.com\/wp-content\/uploads\/2022\/04\/Logo-Ibiza-Formentera-blanco.png\u00bb logo_url=\u00bbhttps:\/\/landing.discoveribizaformentera.com\/\u00bb logo_width=\u00bb24%\u00bb logo_max_width=\u00bb55%\u00bb logo_height=\u00bb20%\u00bb menu_icon_color=\u00bb#FFFFFF\u00bb menu_icon_font_size=\u00bb38px\u00bb active_link_color_tablet=\u00bb#0c71c3&#8243; active_link_color_phone=\u00bb#0077c8&#8243; active_link_color_last_edited=\u00bbon|phone\u00bb logo_width_tablet=\u00bb59%\u00bb logo_width_phone=\u00bb100%\u00bb logo_width_last_edited=\u00bbon|phone\u00bb logo_max_width_tablet=\u00bb55%\u00bb logo_max_width_phone=\u00bb100%\u00bb logo_max_width_last_edited=\u00bbon|phone\u00bb logo_height_tablet=\u00bb174%\u00bb logo_height_phone=\u00bbauto\u00bb logo_height_last_edited=\u00bbon|desktop\u00bb _builder_version=\u00bb4.15.1&#8243; _module_preset=\u00bbdefault\u00bb menu_font=\u00bbMontserrat||||||||\u00bb menu_text_color=\u00bb#FFFFFF\u00bb menu_font_size=\u00bb1rem\u00bb background_enable_color=\u00bboff\u00bb width_tablet=\u00bb\u00bb width_phone=\u00bb100%\u00bb width_last_edited=\u00bbon|phone\u00bb module_alignment=\u00bbcenter\u00bb custom_padding=\u00bb||||false|false\u00bb sticky_position=\u00bbtop\u00bb menu_text_color_tablet=\u00bb#0077c8&#8243; menu_text_color_phone=\u00bb#0077c8&#8243; menu_text_color_last_edited=\u00bbon|phone\u00bb sticky_position_tablet=\u00bbnone\u00bb sticky_position_phone=\u00bbnone\u00bb sticky_position_last_edited=\u00bbon|tablet\u00bb custom_css_menu_logo=\u00bbmargin-right:100px;||\u00bb global_colors_info=\u00bb{}\u00bb background_enable_color__sticky=\u00bboff\u00bb custom_margin__sticky_enabled=\u00bbon|sticky\u00bb custom_margin__sticky=\u00bb-24px||||false|false\u00bb logo_width__sticky_enabled=\u00bbon|desktop\u00bb logo_max_width__sticky_enabled=\u00bbon|sticky\u00bb logo_max_width__sticky=\u00bb20%\u00bb custom_padding__sticky_enabled=\u00bbon|sticky\u00bb custom_padding__sticky=\u00bb|||95px|false|false\u00bb background__sticky_enabled=\u00bbon|sticky\u00bb][\/et_pb_menu][\/et_pb_column][\/et_pb_row][\/et_pb_section][et_pb_section fb_built=\u00bb1&#8243; _builder_version=\u00bb4.15.1&#8243; _module_preset=\u00bbdefault\u00bb global_colors_info=\u00bb{}\u00bb][et_pb_row _builder_version=\u00bb4.15.1&#8243; _module_preset=\u00bbdefault\u00bb width=\u00bb60%\u00bb width_tablet=\u00bb80%\u00bb width_phone=\u00bb90%\u00bb width_last_edited=\u00bbon|phone\u00bb max_width=\u00bb2050px\u00bb global_colors_info=\u00bb{}\u00bb][et_pb_column type=\u00bb4_4&#8243; _builder_version=\u00bb4.15.1&#8243; _module_preset=\u00bbdefault\u00bb global_colors_info=\u00bb{}\u00bb][et_pb_text _builder_version=\u00bb4.15.1&#8243; _module_preset=\u00bbdefault\u00bb text_font=\u00bbMontserrat||||||||\u00bb text_font_size=\u00bb16px\u00bb header_font=\u00bbMontserrat|600|||||||\u00bb header_text_color=\u00bb#0077c8&#8243; header_font_size=\u00bb40px\u00bb header_2_font=\u00bbMontserrat||||||||\u00bb header_2_text_color=\u00bb#99d6ea\u00bb header_2_font_size=\u00bb28px\u00bb header_2_line_height=\u00bb1.2em\u00bb global_colors_info=\u00bb{}\u00bb]<\/p>\n<h1><strong>PACK DISCOVER FORMENTERA EN BICI &gt;&gt;&gt; 1 DIA<\/strong><strong><\/strong><\/h1>\n<p>[\/et_pb_text][\/et_pb_column][\/et_pb_row][et_pb_row column_structure=\u00bb1_4,1_4,1_4,1_4&#8243; _builder_version=\u00bb4.15.1&#8243; _module_preset=\u00bbdefault\u00bb locked=\u00bboff\u00bb global_colors_info=\u00bb{}\u00bb][et_pb_column type=\u00bb1_4&#8243; _builder_version=\u00bb4.15.1&#8243; _module_preset=\u00bbdefault\u00bb global_colors_info=\u00bb{}\u00bb][et_pb_icon font_icon=\u00bb&#xf21a;||fa||900&#8243; icon_color=\u00bb#000000&#8243; _builder_version=\u00bb4.15.1&#8243; _module_preset=\u00bbdefault\u00bb global_colors_info=\u00bb{}\u00bb][\/et_pb_icon][\/et_pb_column][et_pb_column type=\u00bb1_4&#8243; _builder_version=\u00bb4.15.1&#8243; _module_preset=\u00bbdefault\u00bb global_colors_info=\u00bb{}\u00bb][et_pb_icon font_icon=\u00bb&#x2b;||divi||400&#8243; icon_color=\u00bb#000000&#8243; _builder_version=\u00bb4.15.1&#8243; _module_preset=\u00bbdefault\u00bb global_colors_info=\u00bb{}\u00bb][\/et_pb_icon][\/et_pb_column][et_pb_column type=\u00bb1_4&#8243; _builder_version=\u00bb4.15.1&#8243; _module_preset=\u00bbdefault\u00bb global_colors_info=\u00bb{}\u00bb][et_pb_icon font_icon=\u00bb&#xf206;||fa||900&#8243; icon_color=\u00bb#000000&#8243; _builder_version=\u00bb4.15.1&#8243; _module_preset=\u00bbdefault\u00bb global_colors_info=\u00bb{}\u00bb][\/et_pb_icon][\/et_pb_column][et_pb_column type=\u00bb1_4&#8243; _builder_version=\u00bb4.15.1&#8243; _module_preset=\u00bbdefault\u00bb global_colors_info=\u00bb{}\u00bb][et_pb_image src=\u00bbhttps:\/\/landing.discoveribizaformentera.com\/wp-content\/uploads\/2022\/04\/imagen_2022-04-13_144611293.png\u00bb title_text=\u00bbformentera\u00bb _builder_version=\u00bb4.15.1&#8243; _module_preset=\u00bbdefault\u00bb custom_margin=\u00bb-38px||||false|false\u00bb custom_margin_tablet=\u00bb-38px||||false|false\u00bb custom_margin_phone=\u00bb|||86px|false|false\u00bb custom_margin_last_edited=\u00bbon|phone\u00bb global_colors_info=\u00bb{}\u00bb][\/et_pb_image][\/et_pb_column][\/et_pb_row][et_pb_row _builder_version=\u00bb4.15.1&#8243; _module_preset=\u00bbdefault\u00bb width=\u00bb60%\u00bb width_tablet=\u00bb80%\u00bb width_phone=\u00bb80%\u00bb width_last_edited=\u00bbon|phone\u00bb max_width=\u00bb2050px\u00bb locked=\u00bboff\u00bb global_colors_info=\u00bb{}\u00bb][et_pb_column type=\u00bb4_4&#8243; _builder_version=\u00bb4.15.1&#8243; _module_preset=\u00bbdefault\u00bb global_colors_info=\u00bb{}\u00bb][et_pb_text _builder_version=\u00bb4.15.1&#8243; _module_preset=\u00bbdefault\u00bb text_font=\u00bbMontserrat||||||||\u00bb text_font_size=\u00bb16px\u00bb header_font=\u00bbMontserrat|600|||||||\u00bb header_text_color=\u00bb#0077c8&#8243; header_font_size=\u00bb40px\u00bb header_2_font=\u00bbMontserrat||||||||\u00bb header_2_text_color=\u00bb#99d6ea\u00bb header_2_font_size=\u00bb28px\u00bb header_2_line_height=\u00bb1.2em\u00bb global_colors_info=\u00bb{}\u00bb]<\/p>\n<p>Discover Ibiza &amp; Formentera le propone recorrer y descubrir Formentera de manera aut\u00f3noma e independiente, donde usted podr\u00e1 elegir en todo momento su destino o su pr\u00f3xima parada.<\/p>\n<h2>El Pack Discover Formentera en Bici incluye:<\/h2>\n<p><strong><\/strong><\/p>\n<p><strong>Open Tickets Fast-Ferry Ibiza &gt; Formentera &gt; Ibiza<\/strong> con la frecuencia horaria m\u00e1s amplia del mercado, lo que le ofrece una mayor flexibilidad a la hora de organizar su jornada.<\/p>\n<p><strong>Alquiler de bicicleta de paseo por un d\u00eda.<\/strong> En el mismo Puerto de La Savina a su llegada le estar\u00e1 esperando una bicicleta de paseo con marchas. Para ello, deber\u00e1 acudir a la oficina cuya informaci\u00f3n estar\u00e1 indicada sobre su ticket \/ voucher. All\u00ed dispondr\u00e1 de una bicicleta en r\u00e9gimen de alquiler para la jornada. El lugar de entrega y devoluci\u00f3n de la bici ser\u00e1 el mismo, salvo cambios o modificaciones de los que les ser\u00e1 informado en el momento en que se le haga entrega del veh\u00edculo.<\/p>\n<p>La empresa arrendataria facilitar\u00e1 tel\u00e9fono para aver\u00edas o incidencias que deber\u00e1 informarse a la hora de la recogida de su veh\u00edculo.\u3164<\/p>\n<p>Los cambios de veh\u00edculo por categor\u00edas superiores ser\u00e1n efectuados y tramitados directamente con el alquiler de bicicletas dependiendo de disponibilidad existente y puede incurrir en suplementos adicionales que deber\u00e1 acordar y abonar directamente con la empresa proveedora de este servicio.<\/p>\n<p>&nbsp;<\/p>\n<p>Sus tickets \/ vouchers en formato papel o digital le permitir\u00e1n acceder a los barcos directamente, sin colas ni esperas tanto a la ida como en su regreso. Mostrando su ticket \/ voucher \u00a0en la oficina arrendataria, le entregar\u00e1n una bicicleta de paseo con marchas en r\u00e9gimen de alquiler previa firma del contrato de arrendamiento. Usted no deber\u00e1 pagar ninguna cantidad por el alquiler de la bicicleta de paseo incluida en este pack, salvo contrataci\u00f3n de suplementos o extras que acuerde directamente con la empresa arrendataria de bicis y que por tanto deber\u00e1 tratar directamente con la compa\u00f1\u00eda arrendataria. Consulte directamente con la empresa arrendataria posibles cargos por motivos de mal uso, perdidas, etc.\u2026<\/p>\n<p>&nbsp;<\/p>\n<p>Disfrute del para\u00edso de Formentera de la manera m\u00e1s ecol\u00f3gica y respetuosa con el medioambiente con uno de los veh\u00edculos m\u00e1s tradicionales y ecol\u00f3gicos que existe, la \u201cBicicleta de Paseo\u201d<\/p>\n<p><strong>Se admiten reservas con adultos y ni\u00f1os partir de 13 a\u00f1os que lleven su propia bicicleta, no hay disponibilidad de sillas para bebes.<\/strong><\/p>\n<p>[\/et_pb_text][\/et_pb_column][\/et_pb_row][et_pb_row column_structure=\u00bb1_6,1_6,1_6,1_6,1_6,1_6&#8243; _builder_version=\u00bb4.15.1&#8243; _module_preset=\u00bbdefault\u00bb locked=\u00bboff\u00bb global_colors_info=\u00bb{}\u00bb][et_pb_column type=\u00bb1_6&#8243; _builder_version=\u00bb4.15.1&#8243; _module_preset=\u00bbdefault\u00bb global_colors_info=\u00bb{}\u00bb][\/et_pb_column][et_pb_column type=\u00bb1_6&#8243; _builder_version=\u00bb4.15.1&#8243; _module_preset=\u00bbdefault\u00bb global_colors_info=\u00bb{}\u00bb][et_pb_button button_url=\u00bbhttps:\/\/landing.discoveribizaformentera.com\/#paquetes\u00bb button_text=\u00bbVOLVER\u00bb button_alignment_tablet=\u00bbcenter\u00bb button_alignment_phone=\u00bbcenter\u00bb button_alignment_last_edited=\u00bbon|phone\u00bb _builder_version=\u00bb4.15.1&#8243; _module_preset=\u00bbdefault\u00bb custom_button=\u00bbon\u00bb button_use_icon=\u00bboff\u00bb global_colors_info=\u00bb{}\u00bb][\/et_pb_button][\/et_pb_column][et_pb_column type=\u00bb1_6&#8243; _builder_version=\u00bb4.15.1&#8243; _module_preset=\u00bbdefault\u00bb global_colors_info=\u00bb{}\u00bb][\/et_pb_column][et_pb_column type=\u00bb1_6&#8243; _builder_version=\u00bb4.15.1&#8243; _module_preset=\u00bbdefault\u00bb global_colors_info=\u00bb{}\u00bb][\/et_pb_column][et_pb_column type=\u00bb1_6&#8243; _builder_version=\u00bb4.15.1&#8243; _module_preset=\u00bbdefault\u00bb global_colors_info=\u00bb{}\u00bb][et_pb_button button_url=\u00bbmailto:info@discoveribizaformentera.com\u00bb button_text=\u00bbRESERVAR\u00bb button_alignment_tablet=\u00bbcenter\u00bb button_alignment_phone=\u00bbcenter\u00bb button_alignment_last_edited=\u00bbon|phone\u00bb _builder_version=\u00bb4.15.1&#8243; _module_preset=\u00bbdefault\u00bb custom_button=\u00bbon\u00bb button_text_color=\u00bb#FFFFFF\u00bb button_bg_color=\u00bb#0C71C3&#8243; button_border_radius=\u00bb5px\u00bb global_colors_info=\u00bb{}\u00bb][\/et_pb_button][\/et_pb_column][et_pb_column type=\u00bb1_6&#8243; _builder_version=\u00bb4.15.1&#8243; _module_preset=\u00bbdefault\u00bb global_colors_info=\u00bb{}\u00bb][\/et_pb_column][\/et_pb_row][\/et_pb_section]<\/p>\n","protected":false},"excerpt":{"rendered":"<p>PACK DISCOVER FORMENTERA EN BICI &gt;&gt;&gt; 1 DIADiscover Ibiza &amp; Formentera le propone recorrer y descubrir Formentera de manera aut\u00f3noma e independiente, donde usted podr\u00e1 elegir en todo momento su destino o su pr\u00f3xima parada. El Pack Discover Formentera en Bici incluye: Open Tickets Fast-Ferry Ibiza &gt; Formentera &gt; Ibiza con la frecuencia horaria m\u00e1s [&hellip;]<\/p>\n","protected":false},"author":1,"featured_media":0,"parent":0,"menu_order":0,"comment_status":"closed","ping_status":"closed","template":"","meta":{"_et_pb_use_builder":"on","_et_pb_old_content":"","_et_gb_content_width":"","inline_featured_image":false,"footnotes":""},"class_list":["post-1167","page","type-page","status-publish","hentry"],"yoast_head":"<!-- This site is optimized with the Yoast SEO plugin v27.1.1 - https:\/\/yoast.com\/product\/yoast-seo-wordpress\/ -->\n<title>Pack Discover Formentera en Bici - Discover Ibiza &amp; Formentera<\/title>\n<meta name=\"description\" content=\"Si quieres sentir el aire mediterr\u00e1neo en tu rostro y disfrutar de Formentera con total libertad, este pack es ideal para ti.\" \/>\n<meta name=\"robots\" content=\"index, follow, max-snippet:-1, max-image-preview:large, max-video-preview:-1\" \/>\n<link rel=\"canonical\" href=\"https:\/\/landing.discoveribizaformentera.com\/it\/formenterabici\/\" \/>\n<meta property=\"og:locale\" content=\"it_IT\" \/>\n<meta property=\"og:type\" content=\"article\" \/>\n<meta property=\"og:title\" content=\"Pack Discover Formentera en Bici\" \/>\n<meta property=\"og:description\" content=\"Vive Formentera de forma aut\u00e9ntica y natural. A tu llegada te ofrecemos una bicicleta de paseo para descubrir la isla a tu aire y recorrer las rutas verdes.\" \/>\n<meta property=\"og:url\" content=\"https:\/\/landing.discoveribizaformentera.com\/it\/formenterabici\/\" \/>\n<meta property=\"og:site_name\" content=\"Discover Ibiza &amp; Formentera\" \/>\n<meta property=\"article:modified_time\" content=\"2022-05-02T15:13:15+00:00\" \/>\n<meta property=\"og:image\" content=\"https:\/\/landing.discoveribizaformentera.com\/wp-content\/uploads\/2022\/04\/Bici2.jpg\" \/>\n\t<meta property=\"og:image:width\" content=\"1921\" \/>\n\t<meta property=\"og:image:height\" content=\"1080\" \/>\n\t<meta property=\"og:image:type\" content=\"image\/jpeg\" \/>\n<meta name=\"twitter:card\" content=\"summary_large_image\" \/>\n<meta name=\"twitter:title\" content=\"Pack Discover Formentera en Bici\" \/>\n<meta name=\"twitter:description\" content=\"Vive Formentera de forma aut\u00e9ntica y natural. A tu llegada te ofrecemos una bicicleta de paseo para descubrir la isla a tu aire y recorrer las rutas verdes.\" \/>\n<meta name=\"twitter:image\" content=\"https:\/\/landing.discoveribizaformentera.com\/wp-content\/uploads\/2022\/04\/Bici2.jpg\" \/>\n<meta name=\"twitter:label1\" content=\"Tempo di lettura stimato\" \/>\n\t<meta name=\"twitter:data1\" content=\"3 minuti\" \/>\n<script type=\"application\/ld+json\" class=\"yoast-schema-graph\">{\"@context\":\"https:\/\/schema.org\",\"@graph\":[{\"@type\":\"WebPage\",\"@id\":\"https:\/\/landing.discoveribizaformentera.com\/it\/formenterabici\/\",\"url\":\"https:\/\/landing.discoveribizaformentera.com\/it\/formenterabici\/\",\"name\":\"Pack Discover Formentera en Bici - Discover Ibiza &amp; Formentera\",\"isPartOf\":{\"@id\":\"https:\/\/landing.discoveribizaformentera.com\/#website\"},\"datePublished\":\"2022-04-12T13:50:54+00:00\",\"dateModified\":\"2022-05-02T15:13:15+00:00\",\"description\":\"Si quieres sentir el aire mediterr\u00e1neo en tu rostro y disfrutar de Formentera con total libertad, este pack es ideal para ti.\",\"breadcrumb\":{\"@id\":\"https:\/\/landing.discoveribizaformentera.com\/it\/formenterabici\/#breadcrumb\"},\"inLanguage\":\"it-IT\",\"potentialAction\":[{\"@type\":\"ReadAction\",\"target\":[\"https:\/\/landing.discoveribizaformentera.com\/it\/formenterabici\/\"]}]},{\"@type\":\"BreadcrumbList\",\"@id\":\"https:\/\/landing.discoveribizaformentera.com\/it\/formenterabici\/#breadcrumb\",\"itemListElement\":[{\"@type\":\"ListItem\",\"position\":1,\"name\":\"Portada\",\"item\":\"https:\/\/landing.discoveribizaformentera.com\/it\/\"},{\"@type\":\"ListItem\",\"position\":2,\"name\":\"Pack Discover Formentera en Bici\"}]},{\"@type\":\"WebSite\",\"@id\":\"https:\/\/landing.discoveribizaformentera.com\/#website\",\"url\":\"https:\/\/landing.discoveribizaformentera.com\/\",\"name\":\"Discover Ibiza &amp; Formentera\",\"description\":\"Agencia de viajes online\",\"publisher\":{\"@id\":\"https:\/\/landing.discoveribizaformentera.com\/#organization\"},\"potentialAction\":[{\"@type\":\"SearchAction\",\"target\":{\"@type\":\"EntryPoint\",\"urlTemplate\":\"https:\/\/landing.discoveribizaformentera.com\/?s={search_term_string}\"},\"query-input\":{\"@type\":\"PropertyValueSpecification\",\"valueRequired\":true,\"valueName\":\"search_term_string\"}}],\"inLanguage\":\"it-IT\"},{\"@type\":\"Organization\",\"@id\":\"https:\/\/landing.discoveribizaformentera.com\/#organization\",\"name\":\"Discover Ibiza & Formentera\",\"url\":\"https:\/\/landing.discoveribizaformentera.com\/\",\"logo\":{\"@type\":\"ImageObject\",\"inLanguage\":\"it-IT\",\"@id\":\"https:\/\/landing.discoveribizaformentera.com\/#\/schema\/logo\/image\/\",\"url\":\"https:\/\/landing.discoveribizaformentera.com\/wp-content\/uploads\/2022\/04\/Logo-Ibiza-Formentera.png\",\"contentUrl\":\"https:\/\/landing.discoveribizaformentera.com\/wp-content\/uploads\/2022\/04\/Logo-Ibiza-Formentera.png\",\"width\":773,\"height\":248,\"caption\":\"Discover Ibiza & Formentera\"},\"image\":{\"@id\":\"https:\/\/landing.discoveribizaformentera.com\/#\/schema\/logo\/image\/\"}}]}<\/script>\n<!-- \/ Yoast SEO plugin. -->","yoast_head_json":{"title":"Pack Discover Formentera en Bici - Discover Ibiza &amp; Formentera","description":"Si quieres sentir el aire mediterr\u00e1neo en tu rostro y disfrutar de Formentera con total libertad, este pack es ideal para ti.","robots":{"index":"index","follow":"follow","max-snippet":"max-snippet:-1","max-image-preview":"max-image-preview:large","max-video-preview":"max-video-preview:-1"},"canonical":"https:\/\/landing.discoveribizaformentera.com\/it\/formenterabici\/","og_locale":"it_IT","og_type":"article","og_title":"Pack Discover Formentera en Bici","og_description":"Vive Formentera de forma aut\u00e9ntica y natural. A tu llegada te ofrecemos una bicicleta de paseo para descubrir la isla a tu aire y recorrer las rutas verdes.","og_url":"https:\/\/landing.discoveribizaformentera.com\/it\/formenterabici\/","og_site_name":"Discover Ibiza &amp; Formentera","article_modified_time":"2022-05-02T15:13:15+00:00","og_image":[{"width":1921,"height":1080,"url":"https:\/\/landing.discoveribizaformentera.com\/wp-content\/uploads\/2022\/04\/Bici2.jpg","type":"image\/jpeg"}],"twitter_card":"summary_large_image","twitter_title":"Pack Discover Formentera en Bici","twitter_description":"Vive Formentera de forma aut\u00e9ntica y natural. A tu llegada te ofrecemos una bicicleta de paseo para descubrir la isla a tu aire y recorrer las rutas verdes.","twitter_image":"https:\/\/landing.discoveribizaformentera.com\/wp-content\/uploads\/2022\/04\/Bici2.jpg","twitter_misc":{"Tempo di lettura stimato":"3 minuti"},"schema":{"@context":"https:\/\/schema.org","@graph":[{"@type":"WebPage","@id":"https:\/\/landing.discoveribizaformentera.com\/it\/formenterabici\/","url":"https:\/\/landing.discoveribizaformentera.com\/it\/formenterabici\/","name":"Pack Discover Formentera en Bici - Discover Ibiza &amp; Formentera","isPartOf":{"@id":"https:\/\/landing.discoveribizaformentera.com\/#website"},"datePublished":"2022-04-12T13:50:54+00:00","dateModified":"2022-05-02T15:13:15+00:00","description":"Si quieres sentir el aire mediterr\u00e1neo en tu rostro y disfrutar de Formentera con total libertad, este pack es ideal para ti.","breadcrumb":{"@id":"https:\/\/landing.discoveribizaformentera.com\/it\/formenterabici\/#breadcrumb"},"inLanguage":"it-IT","potentialAction":[{"@type":"ReadAction","target":["https:\/\/landing.discoveribizaformentera.com\/it\/formenterabici\/"]}]},{"@type":"BreadcrumbList","@id":"https:\/\/landing.discoveribizaformentera.com\/it\/formenterabici\/#breadcrumb","itemListElement":[{"@type":"ListItem","position":1,"name":"Portada","item":"https:\/\/landing.discoveribizaformentera.com\/it\/"},{"@type":"ListItem","position":2,"name":"Pack Discover Formentera en Bici"}]},{"@type":"WebSite","@id":"https:\/\/landing.discoveribizaformentera.com\/#website","url":"https:\/\/landing.discoveribizaformentera.com\/","name":"Discovery Ibiza &amp; Formentera","description":"Agencia de viajes online","publisher":{"@id":"https:\/\/landing.discoveribizaformentera.com\/#organization"},"potentialAction":[{"@type":"SearchAction","target":{"@type":"EntryPoint","urlTemplate":"https:\/\/landing.discoveribizaformentera.com\/?s={search_term_string}"},"query-input":{"@type":"PropertyValueSpecification","valueRequired":true,"valueName":"search_term_string"}}],"inLanguage":"it-IT"},{"@type":"Organization","@id":"https:\/\/landing.discoveribizaformentera.com\/#organization","name":"Discover Ibiza & Formentera","url":"https:\/\/landing.discoveribizaformentera.com\/","logo":{"@type":"ImageObject","inLanguage":"it-IT","@id":"https:\/\/landing.discoveribizaformentera.com\/#\/schema\/logo\/image\/","url":"https:\/\/landing.discoveribizaformentera.com\/wp-content\/uploads\/2022\/04\/Logo-Ibiza-Formentera.png","contentUrl":"https:\/\/landing.discoveribizaformentera.com\/wp-content\/uploads\/2022\/04\/Logo-Ibiza-Formentera.png","width":773,"height":248,"caption":"Discover Ibiza & Formentera"},"image":{"@id":"https:\/\/landing.discoveribizaformentera.com\/#\/schema\/logo\/image\/"}}]}},"_links":{"self":[{"href":"https:\/\/landing.discoveribizaformentera.com\/it\/wp-json\/wp\/v2\/pages\/1167","targetHints":{"allow":["GET"]}}],"collection":[{"href":"https:\/\/landing.discoveribizaformentera.com\/it\/wp-json\/wp\/v2\/pages"}],"about":[{"href":"https:\/\/landing.discoveribizaformentera.com\/it\/wp-json\/wp\/v2\/types\/page"}],"author":[{"embeddable":true,"href":"https:\/\/landing.discoveribizaformentera.com\/it\/wp-json\/wp\/v2\/users\/1"}],"replies":[{"embeddable":true,"href":"https:\/\/landing.discoveribizaformentera.com\/it\/wp-json\/wp\/v2\/comments?post=1167"}],"version-history":[{"count":21,"href":"https:\/\/landing.discoveribizaformentera.com\/it\/wp-json\/wp\/v2\/pages\/1167\/revisions"}],"predecessor-version":[{"id":1422,"href":"https:\/\/landing.discoveribizaformentera.com\/it\/wp-json\/wp\/v2\/pages\/1167\/revisions\/1422"}],"wp:attachment":[{"href":"https:\/\/landing.discoveribizaformentera.com\/it\/wp-json\/wp\/v2\/media?parent=1167"}],"curies":[{"name":"wp","href":"https:\/\/api.w.org\/{rel}","templated":true}]}}