{"id":1182,"date":"2022-04-12T15:16:49","date_gmt":"2022-04-12T14:16:49","guid":{"rendered":"https:\/\/landing.discoveribizaformentera.com\/?page_id=1182"},"modified":"2022-05-02T13:31:39","modified_gmt":"2022-05-02T12:31:39","slug":"formenterascooter","status":"publish","type":"page","link":"https:\/\/landing.discoveribizaformentera.com\/it\/formenterascooter\/","title":{"rendered":"Pack Discover Formentera en Scooter"},"content":{"rendered":"<p>[et_pb_section fb_built=\u00bb1&#8243; module_id=\u00bbinicio\u00bb _builder_version=\u00bb4.15.1&#8243; _module_preset=\u00bbdefault\u00bb background_image=\u00bbhttps:\/\/landing.discoveribizaformentera.com\/wp-content\/uploads\/2022\/04\/moto3-2.jpg\u00bb background_enable_video_mp4=\u00bboff\u00bb min_height=\u00bb50vh\u00bb min_height_tablet=\u00bb50vh\u00bb min_height_phone=\u00bb50vh\u00bb min_height_last_edited=\u00bbon|desktop\u00bb height=\u00bb50vh\u00bb height_tablet=\u00bb50vh\u00bb height_phone=\u00bb100vh\u00bb height_last_edited=\u00bbon|phone\u00bb max_height=\u00bb100vh\u00bb custom_padding=\u00bb4px|||||\u00bb background_last_edited=\u00bbon|phone\u00bb background_image_phone=\u00bbhttps:\/\/landing.discoveribizaformentera.com\/wp-content\/uploads\/2022\/04\/Fondo.jpg\u00bb background_enable_image_phone=\u00bbon\u00bb background_position_phone=\u00bbtop_left\u00bb background_enable_video_mp4_phone=\u00bboff\u00bb locked=\u00bboff\u00bb global_colors_info=\u00bb{}\u00bb][et_pb_row disabled_on=\u00bboff|off|off\u00bb _builder_version=\u00bb4.15.1&#8243; _module_preset=\u00bbdefault\u00bb background_enable_color=\u00bboff\u00bb positioning=\u00bbnone\u00bb position_origin_f=\u00bbtop_center\u00bb vertical_offset=\u00bb46px\u00bb z_index=\u00bb10&#8243; width=\u00bb100%\u00bb width_tablet=\u00bb\u00bb width_phone=\u00bb90%\u00bb width_last_edited=\u00bbon|phone\u00bb max_width=\u00bb2050px\u00bb custom_margin=\u00bb0px|auto||auto|false|false\u00bb custom_padding=\u00bb|10%||10%|false|false\u00bb animation_style=\u00bbfade\u00bb sticky_position=\u00bbtop\u00bb background_last_edited=\u00bbon|phone\u00bb sticky_position_tablet=\u00bbnone\u00bb sticky_position_phone=\u00bbnone\u00bb sticky_position_last_edited=\u00bbon|phone\u00bb global_module=\u00bb1280&#8243; locked=\u00bboff\u00bb global_colors_info=\u00bb{}\u00bb background_color__sticky=\u00bbrgba(12,113,195,0.38)\u00bb background_enable_color__sticky=\u00bbon\u00bb max_height__sticky_enabled=\u00bbon|sticky\u00bb max_height__sticky=\u00bb80px\u00bb background__sticky_enabled=\u00bbon|desktop\u00bb][et_pb_column type=\u00bb4_4&#8243; _builder_version=\u00bb4.15.1&#8243; _module_preset=\u00bbdefault\u00bb global_colors_info=\u00bb{}\u00bb][et_pb_menu menu_id=\u00bb18&#8243; active_link_color=\u00bb#FFFFFF\u00bb logo=\u00bbhttps:\/\/landing.discoveribizaformentera.com\/wp-content\/uploads\/2022\/04\/Logo-Ibiza-Formentera-blanco.png\u00bb logo_url=\u00bbhttps:\/\/landing.discoveribizaformentera.com\/\u00bb logo_width=\u00bb24%\u00bb logo_max_width=\u00bb55%\u00bb logo_height=\u00bb20%\u00bb menu_icon_color=\u00bb#FFFFFF\u00bb menu_icon_font_size=\u00bb38px\u00bb active_link_color_tablet=\u00bb#0c71c3&#8243; active_link_color_phone=\u00bb#0077c8&#8243; active_link_color_last_edited=\u00bbon|phone\u00bb logo_width_tablet=\u00bb59%\u00bb logo_width_phone=\u00bb100%\u00bb logo_width_last_edited=\u00bbon|phone\u00bb logo_max_width_tablet=\u00bb55%\u00bb logo_max_width_phone=\u00bb100%\u00bb logo_max_width_last_edited=\u00bbon|phone\u00bb logo_height_tablet=\u00bb174%\u00bb logo_height_phone=\u00bbauto\u00bb logo_height_last_edited=\u00bbon|desktop\u00bb _builder_version=\u00bb4.15.1&#8243; _module_preset=\u00bbdefault\u00bb menu_font=\u00bbMontserrat||||||||\u00bb menu_text_color=\u00bb#FFFFFF\u00bb menu_font_size=\u00bb1rem\u00bb background_enable_color=\u00bboff\u00bb width_tablet=\u00bb\u00bb width_phone=\u00bb100%\u00bb width_last_edited=\u00bbon|phone\u00bb module_alignment=\u00bbcenter\u00bb custom_padding=\u00bb||||false|false\u00bb sticky_position=\u00bbtop\u00bb menu_text_color_tablet=\u00bb#0077c8&#8243; menu_text_color_phone=\u00bb#0077c8&#8243; menu_text_color_last_edited=\u00bbon|phone\u00bb sticky_position_tablet=\u00bbnone\u00bb sticky_position_phone=\u00bbnone\u00bb sticky_position_last_edited=\u00bbon|tablet\u00bb custom_css_menu_logo=\u00bbmargin-right:100px;||\u00bb global_colors_info=\u00bb{}\u00bb background_enable_color__sticky=\u00bboff\u00bb custom_margin__sticky_enabled=\u00bbon|sticky\u00bb custom_margin__sticky=\u00bb-24px||||false|false\u00bb logo_width__sticky_enabled=\u00bbon|desktop\u00bb logo_max_width__sticky_enabled=\u00bbon|sticky\u00bb logo_max_width__sticky=\u00bb20%\u00bb custom_padding__sticky_enabled=\u00bbon|sticky\u00bb custom_padding__sticky=\u00bb|||95px|false|false\u00bb background__sticky_enabled=\u00bbon|sticky\u00bb][\/et_pb_menu][\/et_pb_column][\/et_pb_row][\/et_pb_section][et_pb_section fb_built=\u00bb1&#8243; _builder_version=\u00bb4.15.1&#8243; _module_preset=\u00bbdefault\u00bb global_colors_info=\u00bb{}\u00bb][et_pb_row _builder_version=\u00bb4.15.1&#8243; _module_preset=\u00bbdefault\u00bb width=\u00bb60%\u00bb width_tablet=\u00bb80%\u00bb width_phone=\u00bb90%\u00bb width_last_edited=\u00bbon|tablet\u00bb max_width=\u00bb2050px\u00bb global_colors_info=\u00bb{}\u00bb][et_pb_column type=\u00bb4_4&#8243; _builder_version=\u00bb4.15.1&#8243; _module_preset=\u00bbdefault\u00bb global_colors_info=\u00bb{}\u00bb][et_pb_text _builder_version=\u00bb4.15.1&#8243; _module_preset=\u00bbdefault\u00bb text_font=\u00bbMontserrat||||||||\u00bb text_font_size=\u00bb16px\u00bb header_font=\u00bbMontserrat|600|||||||\u00bb header_text_color=\u00bb#0077c8&#8243; header_font_size=\u00bb40px\u00bb header_2_font=\u00bbMontserrat||||||||\u00bb header_2_text_color=\u00bb#99d6ea\u00bb header_2_font_size=\u00bb28px\u00bb header_2_line_height=\u00bb1.2em\u00bb global_colors_info=\u00bb{}\u00bb]<\/p>\n<h1><strong>PACK DISCOVER FORMENTERA EN SCOOTER &gt;&gt;&gt; 1 DIA<\/strong><\/h1>\n<p>&nbsp;<\/p>\n<p>[\/et_pb_text][\/et_pb_column][\/et_pb_row][et_pb_row column_structure=\u00bb1_4,1_4,1_4,1_4&#8243; _builder_version=\u00bb4.15.1&#8243; _module_preset=\u00bbdefault\u00bb global_colors_info=\u00bb{}\u00bb][et_pb_column type=\u00bb1_4&#8243; _builder_version=\u00bb4.15.1&#8243; _module_preset=\u00bbdefault\u00bb global_colors_info=\u00bb{}\u00bb][et_pb_icon font_icon=\u00bb&#xf21a;||fa||900&#8243; icon_color=\u00bb#000000&#8243; _builder_version=\u00bb4.15.1&#8243; _module_preset=\u00bbdefault\u00bb global_colors_info=\u00bb{}\u00bb][\/et_pb_icon][\/et_pb_column][et_pb_column type=\u00bb1_4&#8243; _builder_version=\u00bb4.15.1&#8243; _module_preset=\u00bbdefault\u00bb global_colors_info=\u00bb{}\u00bb][et_pb_icon font_icon=\u00bb&#x2b;||divi||400&#8243; icon_color=\u00bb#000000&#8243; _builder_version=\u00bb4.15.1&#8243; _module_preset=\u00bbdefault\u00bb global_colors_info=\u00bb{}\u00bb][\/et_pb_icon][\/et_pb_column][et_pb_column type=\u00bb1_4&#8243; _builder_version=\u00bb4.15.1&#8243; _module_preset=\u00bbdefault\u00bb global_colors_info=\u00bb{}\u00bb][et_pb_icon font_icon=\u00bb&#xf21c;||fa||900&#8243; icon_color=\u00bb#000000&#8243; _builder_version=\u00bb4.15.1&#8243; _module_preset=\u00bbdefault\u00bb global_colors_info=\u00bb{}\u00bb][\/et_pb_icon][\/et_pb_column][et_pb_column type=\u00bb1_4&#8243; _builder_version=\u00bb4.15.1&#8243; _module_preset=\u00bbdefault\u00bb global_colors_info=\u00bb{}\u00bb][et_pb_image src=\u00bbhttps:\/\/landing.discoveribizaformentera.com\/wp-content\/uploads\/2022\/04\/imagen_2022-04-13_144611293.png\u00bb title_text=\u00bbformentera\u00bb _builder_version=\u00bb4.15.1&#8243; _module_preset=\u00bbdefault\u00bb custom_margin=\u00bb-38px||||false|false\u00bb custom_margin_tablet=\u00bb-38px||||false|false\u00bb custom_margin_phone=\u00bb|||86px|false|false\u00bb custom_margin_last_edited=\u00bbon|phone\u00bb global_colors_info=\u00bb{}\u00bb][\/et_pb_image][\/et_pb_column][\/et_pb_row][et_pb_row _builder_version=\u00bb4.15.1&#8243; _module_preset=\u00bbdefault\u00bb width=\u00bb60%\u00bb width_tablet=\u00bb80%\u00bb width_phone=\u00bb80%\u00bb width_last_edited=\u00bbon|phone\u00bb max_width=\u00bb2050px\u00bb locked=\u00bboff\u00bb global_colors_info=\u00bb{}\u00bb][et_pb_column type=\u00bb4_4&#8243; _builder_version=\u00bb4.15.1&#8243; _module_preset=\u00bbdefault\u00bb global_colors_info=\u00bb{}\u00bb][et_pb_text _builder_version=\u00bb4.15.1&#8243; _module_preset=\u00bbdefault\u00bb text_font=\u00bbMontserrat||||||||\u00bb text_font_size=\u00bb16px\u00bb header_font=\u00bbMontserrat|600|||||||\u00bb header_text_color=\u00bb#0077c8&#8243; header_font_size=\u00bb40px\u00bb header_2_font=\u00bbMontserrat||||||||\u00bb header_2_text_color=\u00bb#99d6ea\u00bb header_2_font_size=\u00bb28px\u00bb header_2_line_height=\u00bb1.2em\u00bb hover_enabled=\u00bb0&#8243; global_colors_info=\u00bb{}\u00bb sticky_enabled=\u00bb0&#8243;]<\/p>\n<h1><\/h1>\n<p>Disfrute de su d\u00eda en Formentera en una scooter autom\u00e1tica de baja cilindrada 50 cc \u2013 125 cc . El Pack Discover Formentera en Scooter, le proporciona una amplia libertad y flexibilidad a la vez que le permitir\u00e1 recorrer hasta el \u00faltimo rinc\u00f3n de Formentera si lo desea.<\/p>\n<h2>El Pack Discover Formentera en Scooter incluye:<\/h2>\n<p><strong>Open Tickets Fast-Ferry Ibiza &gt; Formentera &gt; Ibiza<\/strong> con la frecuencia horaria m\u00e1s amplia del mercado, lo que le ofrece una mayor flexibilidad a la hora de organizar su jornada.<\/p>\n<p>\u00a0Alquiler de scooter por un d\u00eda. En el mismo puerto de la Savina a su llegada deber\u00e1 dirigirse a la oficina de alquiler de motos cuya ubicaci\u00f3n estar\u00e1 indicada en su ticket de compra. Previa presentaci\u00f3n de su ticket, le ser\u00e1 entregada en r\u00e9gimen de alquiler para la jornada una Scooter autom\u00e1tica de baja cilindrada y acorde a la potencia contratada. El lugar de entrega y devoluci\u00f3n de la moto ser\u00e1 el mismo, salvo cambios o modificaciones de los que les ser\u00e1 informado en el momento en que se le haga entrega del veh\u00edculo.<\/p>\n<p>\u00a0El scooter estar\u00e1 homologado para 2 pasajeros y aunque incluy\u00e9ndose en contrato 1 conductor, se podr\u00e1 consultar suplemento por inclusi\u00f3n de 2\u00ba conductor en contrato tratando, contratando y pagando directamente con la compa\u00f1\u00eda arrendataria del veh\u00edculo.<\/p>\n<p>\u00a0La empresa arrendataria facilitar\u00e1 tel\u00e9fono para aver\u00edas o incidencias que deber\u00e1 informarse a la hora de la recogida de su veh\u00edculo.<\/p>\n<p>\u00a0Los cambios de veh\u00edculo por categor\u00edas superiores ser\u00e1n efectuados y tramitados directamente con el alquiler dependiendo de disponibilidad existente y puede incurrir en suplementos adicionales que deber\u00e1 acordar, contratar y abonar directamente con la empresa proveedora de este servicio.<\/p>\n<p>\u00a0Este pack incluye: Alquiler scooter homologado 2 pasajeros y 1 conductor, con kilometraje ilimitado, cascos, IVA y seguro con franquicia (consulte importe franquicia y opciones para suplemento cancelaci\u00f3n franquicia directamente con compa\u00f1\u00eda de alquiler).<\/p>\n<p><strong>NO INCLUIDO: GASOLINA, SEGUNDO CONDUCTOR, MULTAS, SUPLEMENTOS Y OTROS EXTRAS Y EXSENCIONES ESPECIALES DE LAS CLAUSULAS DEL SEGURO CONTRATADO<\/strong> (perdida de llaves, da\u00f1os por mal uso, etc \u2026 cl\u00e1usulas que deber\u00e1 consultar directamente con compa\u00f1\u00eda arrendataria dependiendo del seguro contratado en su caso).<\/p>\n<p>\u00a0Es posible solicitar una moto de categor\u00eda superior sujeto a disponibilidad de la empresa de alquiler, cuyas condiciones y suplementos deber\u00e1 tratar directamente con la compa\u00f1\u00eda arrendataria del veh\u00edculo.<\/p>\n<p>&nbsp;<\/p>\n<p><strong>OBSERVACIONES:<\/strong><\/p>\n<p><strong>NO SE ADMITEN RESERVAS CON NI\u00d1OS Y BEBES.<\/strong><\/p>\n<p><strong>EL CONDUCTOR DEBER\u00c1 ESTAR EN POSESI\u00d3N DE CARNET DE CONDUCIR EN VIGOR Y ACORDE CON LA POTENCIA CONTRATADA.<\/strong><\/p>\n<p><strong>EL CONDUCTOR DEBER\u00c1 TENER CONOCIMIENTOS PREVIOS PARA CIRCULAR EN MOTO<\/strong><\/p>\n<p>[\/et_pb_text][\/et_pb_column][\/et_pb_row][et_pb_row column_structure=\u00bb1_6,1_6,1_6,1_6,1_6,1_6&#8243; _builder_version=\u00bb4.15.1&#8243; _module_preset=\u00bbdefault\u00bb global_colors_info=\u00bb{}\u00bb][et_pb_column type=\u00bb1_6&#8243; _builder_version=\u00bb4.15.1&#8243; _module_preset=\u00bbdefault\u00bb global_colors_info=\u00bb{}\u00bb][\/et_pb_column][et_pb_column type=\u00bb1_6&#8243; _builder_version=\u00bb4.15.1&#8243; _module_preset=\u00bbdefault\u00bb global_colors_info=\u00bb{}\u00bb][et_pb_button button_url=\u00bbhttps:\/\/landing.discoveribizaformentera.com\/#paquetes\u00bb button_text=\u00bbVOLVER\u00bb button_alignment_tablet=\u00bbcenter\u00bb button_alignment_phone=\u00bbcenter\u00bb button_alignment_last_edited=\u00bbon|phone\u00bb _builder_version=\u00bb4.15.1&#8243; _module_preset=\u00bbdefault\u00bb custom_button=\u00bbon\u00bb button_use_icon=\u00bboff\u00bb global_colors_info=\u00bb{}\u00bb][\/et_pb_button][\/et_pb_column][et_pb_column type=\u00bb1_6&#8243; _builder_version=\u00bb4.15.1&#8243; _module_preset=\u00bbdefault\u00bb global_colors_info=\u00bb{}\u00bb][\/et_pb_column][et_pb_column type=\u00bb1_6&#8243; _builder_version=\u00bb4.15.1&#8243; _module_preset=\u00bbdefault\u00bb global_colors_info=\u00bb{}\u00bb][\/et_pb_column][et_pb_column type=\u00bb1_6&#8243; _builder_version=\u00bb4.15.1&#8243; _module_preset=\u00bbdefault\u00bb global_colors_info=\u00bb{}\u00bb][et_pb_button button_url=\u00bbmailto:info@discoveribizaformentera.com\u00bb button_text=\u00bbRESERVAR\u00bb button_alignment_tablet=\u00bbcenter\u00bb button_alignment_phone=\u00bbcenter\u00bb button_alignment_last_edited=\u00bbon|phone\u00bb _builder_version=\u00bb4.15.1&#8243; _module_preset=\u00bbdefault\u00bb custom_button=\u00bbon\u00bb button_text_color=\u00bb#FFFFFF\u00bb button_bg_color=\u00bb#0C71C3&#8243; button_border_radius=\u00bb5px\u00bb global_colors_info=\u00bb{}\u00bb][\/et_pb_button][\/et_pb_column][et_pb_column type=\u00bb1_6&#8243; _builder_version=\u00bb4.15.1&#8243; _module_preset=\u00bbdefault\u00bb global_colors_info=\u00bb{}\u00bb][\/et_pb_column][\/et_pb_row][\/et_pb_section]<\/p>\n","protected":false},"excerpt":{"rendered":"<p>PACK DISCOVER FORMENTERA EN SCOOTER &gt;&gt;&gt; 1 DIA &nbsp; Disfrute de su d\u00eda en Formentera en una scooter autom\u00e1tica de baja cilindrada 50 cc \u2013 125 cc . El Pack Discover Formentera en Scooter, le proporciona una amplia libertad y flexibilidad a la vez que le permitir\u00e1 recorrer hasta el \u00faltimo rinc\u00f3n de Formentera si [&hellip;]<\/p>\n","protected":false},"author":1,"featured_media":0,"parent":0,"menu_order":0,"comment_status":"closed","ping_status":"closed","template":"","meta":{"_et_pb_use_builder":"on","_et_pb_old_content":"","_et_gb_content_width":"","inline_featured_image":false,"footnotes":""},"class_list":["post-1182","page","type-page","status-publish","hentry"],"yoast_head":"<!-- This site is optimized with the Yoast SEO plugin v27.1.1 - https:\/\/yoast.com\/product\/yoast-seo-wordpress\/ -->\n<title>Pack Discover Formentera en Scooter - Discover Ibiza &amp; Formentera<\/title>\n<meta name=\"description\" content=\"\u00a1Disfruta del d\u00eda perfecto en Formentera! Ponemos a tu disposici\u00f3n el pack ida y vuelta que incluye circuito de bus tur\u00edstico en Formentera.\" \/>\n<meta name=\"robots\" content=\"index, follow, max-snippet:-1, max-image-preview:large, max-video-preview:-1\" \/>\n<link rel=\"canonical\" href=\"https:\/\/landing.discoveribizaformentera.com\/it\/formenterascooter\/\" \/>\n<meta property=\"og:locale\" content=\"it_IT\" \/>\n<meta property=\"og:type\" content=\"article\" \/>\n<meta property=\"og:title\" content=\"Pack Discover Formentera en Scooter\" \/>\n<meta property=\"og:description\" content=\"Si quieres sentir el aire mediterr\u00e1neo en tu rostro y disfrutar de Formentera con total libertad, este pack es ideal para ti.\" \/>\n<meta property=\"og:url\" content=\"https:\/\/landing.discoveribizaformentera.com\/it\/formenterascooter\/\" \/>\n<meta property=\"og:site_name\" content=\"Discover Ibiza &amp; Formentera\" \/>\n<meta property=\"article:modified_time\" content=\"2022-05-02T12:31:39+00:00\" \/>\n<meta property=\"og:image\" content=\"https:\/\/landing.discoveribizaformentera.com\/wp-content\/uploads\/2022\/04\/moto2.jpg\" \/>\n\t<meta property=\"og:image:width\" content=\"1921\" \/>\n\t<meta property=\"og:image:height\" content=\"1080\" \/>\n\t<meta property=\"og:image:type\" content=\"image\/jpeg\" \/>\n<meta name=\"twitter:card\" content=\"summary_large_image\" \/>\n<meta name=\"twitter:title\" content=\"Pack Discover Formentera en Scooter\" \/>\n<meta name=\"twitter:description\" content=\"Si quieres sentir el aire mediterr\u00e1neo en tu rostro y disfrutar de Formentera con total libertad, este pack es ideal para ti.\" \/>\n<meta name=\"twitter:image\" content=\"https:\/\/landing.discoveribizaformentera.com\/wp-content\/uploads\/2022\/04\/moto2.jpg\" \/>\n<meta name=\"twitter:label1\" content=\"Tempo di lettura stimato\" \/>\n\t<meta name=\"twitter:data1\" content=\"4 minuti\" \/>\n<script type=\"application\/ld+json\" class=\"yoast-schema-graph\">{\"@context\":\"https:\/\/schema.org\",\"@graph\":[{\"@type\":\"WebPage\",\"@id\":\"https:\/\/landing.discoveribizaformentera.com\/it\/formenterascooter\/\",\"url\":\"https:\/\/landing.discoveribizaformentera.com\/it\/formenterascooter\/\",\"name\":\"Pack Discover Formentera en Scooter - Discover Ibiza &amp; Formentera\",\"isPartOf\":{\"@id\":\"https:\/\/landing.discoveribizaformentera.com\/#website\"},\"datePublished\":\"2022-04-12T14:16:49+00:00\",\"dateModified\":\"2022-05-02T12:31:39+00:00\",\"description\":\"\u00a1Disfruta del d\u00eda perfecto en Formentera! Ponemos a tu disposici\u00f3n el pack ida y vuelta que incluye circuito de bus tur\u00edstico en Formentera.\",\"breadcrumb\":{\"@id\":\"https:\/\/landing.discoveribizaformentera.com\/it\/formenterascooter\/#breadcrumb\"},\"inLanguage\":\"it-IT\",\"potentialAction\":[{\"@type\":\"ReadAction\",\"target\":[\"https:\/\/landing.discoveribizaformentera.com\/it\/formenterascooter\/\"]}]},{\"@type\":\"BreadcrumbList\",\"@id\":\"https:\/\/landing.discoveribizaformentera.com\/it\/formenterascooter\/#breadcrumb\",\"itemListElement\":[{\"@type\":\"ListItem\",\"position\":1,\"name\":\"Portada\",\"item\":\"https:\/\/landing.discoveribizaformentera.com\/it\/\"},{\"@type\":\"ListItem\",\"position\":2,\"name\":\"Pack Discover Formentera en Scooter\"}]},{\"@type\":\"WebSite\",\"@id\":\"https:\/\/landing.discoveribizaformentera.com\/#website\",\"url\":\"https:\/\/landing.discoveribizaformentera.com\/\",\"name\":\"Discover Ibiza &amp; Formentera\",\"description\":\"Agencia de viajes online\",\"publisher\":{\"@id\":\"https:\/\/landing.discoveribizaformentera.com\/#organization\"},\"potentialAction\":[{\"@type\":\"SearchAction\",\"target\":{\"@type\":\"EntryPoint\",\"urlTemplate\":\"https:\/\/landing.discoveribizaformentera.com\/?s={search_term_string}\"},\"query-input\":{\"@type\":\"PropertyValueSpecification\",\"valueRequired\":true,\"valueName\":\"search_term_string\"}}],\"inLanguage\":\"it-IT\"},{\"@type\":\"Organization\",\"@id\":\"https:\/\/landing.discoveribizaformentera.com\/#organization\",\"name\":\"Discover Ibiza & Formentera\",\"url\":\"https:\/\/landing.discoveribizaformentera.com\/\",\"logo\":{\"@type\":\"ImageObject\",\"inLanguage\":\"it-IT\",\"@id\":\"https:\/\/landing.discoveribizaformentera.com\/#\/schema\/logo\/image\/\",\"url\":\"https:\/\/landing.discoveribizaformentera.com\/wp-content\/uploads\/2022\/04\/Logo-Ibiza-Formentera.png\",\"contentUrl\":\"https:\/\/landing.discoveribizaformentera.com\/wp-content\/uploads\/2022\/04\/Logo-Ibiza-Formentera.png\",\"width\":773,\"height\":248,\"caption\":\"Discover Ibiza & Formentera\"},\"image\":{\"@id\":\"https:\/\/landing.discoveribizaformentera.com\/#\/schema\/logo\/image\/\"}}]}<\/script>\n<!-- \/ Yoast SEO plugin. -->","yoast_head_json":{"title":"Pack Discover Formentera en Scooter - Discover Ibiza &amp; Formentera","description":"\u00a1Disfruta del d\u00eda perfecto en Formentera! Ponemos a tu disposici\u00f3n el pack ida y vuelta que incluye circuito de bus tur\u00edstico en Formentera.","robots":{"index":"index","follow":"follow","max-snippet":"max-snippet:-1","max-image-preview":"max-image-preview:large","max-video-preview":"max-video-preview:-1"},"canonical":"https:\/\/landing.discoveribizaformentera.com\/it\/formenterascooter\/","og_locale":"it_IT","og_type":"article","og_title":"Pack Discover Formentera en Scooter","og_description":"Si quieres sentir el aire mediterr\u00e1neo en tu rostro y disfrutar de Formentera con total libertad, este pack es ideal para ti.","og_url":"https:\/\/landing.discoveribizaformentera.com\/it\/formenterascooter\/","og_site_name":"Discover Ibiza &amp; Formentera","article_modified_time":"2022-05-02T12:31:39+00:00","og_image":[{"width":1921,"height":1080,"url":"https:\/\/landing.discoveribizaformentera.com\/wp-content\/uploads\/2022\/04\/moto2.jpg","type":"image\/jpeg"}],"twitter_card":"summary_large_image","twitter_title":"Pack Discover Formentera en Scooter","twitter_description":"Si quieres sentir el aire mediterr\u00e1neo en tu rostro y disfrutar de Formentera con total libertad, este pack es ideal para ti.","twitter_image":"https:\/\/landing.discoveribizaformentera.com\/wp-content\/uploads\/2022\/04\/moto2.jpg","twitter_misc":{"Tempo di lettura stimato":"4 minuti"},"schema":{"@context":"https:\/\/schema.org","@graph":[{"@type":"WebPage","@id":"https:\/\/landing.discoveribizaformentera.com\/it\/formenterascooter\/","url":"https:\/\/landing.discoveribizaformentera.com\/it\/formenterascooter\/","name":"Pack Discover Formentera en Scooter - Discover Ibiza &amp; Formentera","isPartOf":{"@id":"https:\/\/landing.discoveribizaformentera.com\/#website"},"datePublished":"2022-04-12T14:16:49+00:00","dateModified":"2022-05-02T12:31:39+00:00","description":"\u00a1Disfruta del d\u00eda perfecto en Formentera! Ponemos a tu disposici\u00f3n el pack ida y vuelta que incluye circuito de bus tur\u00edstico en Formentera.","breadcrumb":{"@id":"https:\/\/landing.discoveribizaformentera.com\/it\/formenterascooter\/#breadcrumb"},"inLanguage":"it-IT","potentialAction":[{"@type":"ReadAction","target":["https:\/\/landing.discoveribizaformentera.com\/it\/formenterascooter\/"]}]},{"@type":"BreadcrumbList","@id":"https:\/\/landing.discoveribizaformentera.com\/it\/formenterascooter\/#breadcrumb","itemListElement":[{"@type":"ListItem","position":1,"name":"Portada","item":"https:\/\/landing.discoveribizaformentera.com\/it\/"},{"@type":"ListItem","position":2,"name":"Pack Discover Formentera en Scooter"}]},{"@type":"WebSite","@id":"https:\/\/landing.discoveribizaformentera.com\/#website","url":"https:\/\/landing.discoveribizaformentera.com\/","name":"Discovery Ibiza &amp; Formentera","description":"Agencia de viajes online","publisher":{"@id":"https:\/\/landing.discoveribizaformentera.com\/#organization"},"potentialAction":[{"@type":"SearchAction","target":{"@type":"EntryPoint","urlTemplate":"https:\/\/landing.discoveribizaformentera.com\/?s={search_term_string}"},"query-input":{"@type":"PropertyValueSpecification","valueRequired":true,"valueName":"search_term_string"}}],"inLanguage":"it-IT"},{"@type":"Organization","@id":"https:\/\/landing.discoveribizaformentera.com\/#organization","name":"Discover Ibiza & Formentera","url":"https:\/\/landing.discoveribizaformentera.com\/","logo":{"@type":"ImageObject","inLanguage":"it-IT","@id":"https:\/\/landing.discoveribizaformentera.com\/#\/schema\/logo\/image\/","url":"https:\/\/landing.discoveribizaformentera.com\/wp-content\/uploads\/2022\/04\/Logo-Ibiza-Formentera.png","contentUrl":"https:\/\/landing.discoveribizaformentera.com\/wp-content\/uploads\/2022\/04\/Logo-Ibiza-Formentera.png","width":773,"height":248,"caption":"Discover Ibiza & Formentera"},"image":{"@id":"https:\/\/landing.discoveribizaformentera.com\/#\/schema\/logo\/image\/"}}]}},"_links":{"self":[{"href":"https:\/\/landing.discoveribizaformentera.com\/it\/wp-json\/wp\/v2\/pages\/1182","targetHints":{"allow":["GET"]}}],"collection":[{"href":"https:\/\/landing.discoveribizaformentera.com\/it\/wp-json\/wp\/v2\/pages"}],"about":[{"href":"https:\/\/landing.discoveribizaformentera.com\/it\/wp-json\/wp\/v2\/types\/page"}],"author":[{"embeddable":true,"href":"https:\/\/landing.discoveribizaformentera.com\/it\/wp-json\/wp\/v2\/users\/1"}],"replies":[{"embeddable":true,"href":"https:\/\/landing.discoveribizaformentera.com\/it\/wp-json\/wp\/v2\/comments?post=1182"}],"version-history":[{"count":25,"href":"https:\/\/landing.discoveribizaformentera.com\/it\/wp-json\/wp\/v2\/pages\/1182\/revisions"}],"predecessor-version":[{"id":1363,"href":"https:\/\/landing.discoveribizaformentera.com\/it\/wp-json\/wp\/v2\/pages\/1182\/revisions\/1363"}],"wp:attachment":[{"href":"https:\/\/landing.discoveribizaformentera.com\/it\/wp-json\/wp\/v2\/media?parent=1182"}],"curies":[{"name":"wp","href":"https:\/\/api.w.org\/{rel}","templated":true}]}}